{"id":65,"date":"2025-01-27T14:01:29","date_gmt":"2025-01-27T14:01:29","guid":{"rendered":"https:\/\/phishia.fr\/?page_id=65"},"modified":"2025-03-18T10:54:40","modified_gmt":"2025-03-18T10:54:40","slug":"contatto","status":"publish","type":"page","link":"https:\/\/phishia.fr\/it\/contatto\/","title":{"rendered":"Contattateci"},"content":{"rendered":"<div data-elementor-type=\"wp-page\" data-elementor-id=\"65\" class=\"elementor elementor-65\" data-elementor-post-type=\"page\">\n\t\t\t\t<div class=\"elementor-element elementor-element-9086352 e-con-full e-flex e-con e-parent\" data-id=\"9086352\" data-element_type=\"container\" data-e-type=\"container\" data-settings=\"{&quot;background_background&quot;:&quot;classic&quot;}\">\n\t\t<div class=\"elementor-element elementor-element-22b584e e-flex e-con-boxed e-con e-child\" data-id=\"22b584e\" data-element_type=\"container\" data-e-type=\"container\">\n\t\t\t\t\t<div class=\"e-con-inner\">\n\t\t<div class=\"elementor-element elementor-element-6f0bf9b e-con-full e-flex elementor-invisible e-con e-child\" data-id=\"6f0bf9b\" data-element_type=\"container\" data-e-type=\"container\" data-settings=\"{&quot;animation&quot;:&quot;fadeInUp&quot;,&quot;animation_delay&quot;:300}\">\n\t\t\t\t<div class=\"elementor-element elementor-element-0ee42a4 elementor-widget elementor-widget-heading\" data-id=\"0ee42a4\" data-element_type=\"widget\" data-e-type=\"widget\" data-widget_type=\"heading.default\">\n\t\t\t\t<div class=\"elementor-widget-container\">\n\t\t\t\t\t<h1 class=\"elementor-heading-title elementor-size-default\">Avete un'esigenza o una domanda?<\/h1>\t\t\t\t<\/div>\n\t\t\t\t<\/div>\n\t\t\t\t<div class=\"elementor-element elementor-element-faa9d36 animated-fast elementor-invisible elementor-widget elementor-widget-heading\" data-id=\"faa9d36\" data-element_type=\"widget\" data-e-type=\"widget\" data-settings=\"{&quot;_animation&quot;:&quot;fadeInUp&quot;}\" data-widget_type=\"heading.default\">\n\t\t\t\t<div class=\"elementor-widget-container\">\n\t\t\t\t\t<h2 class=\"elementor-heading-title elementor-size-default\">Contattateci per maggiori informazioni.<\/h2>\t\t\t\t<\/div>\n\t\t\t\t<\/div>\n\t\t\t\t<div class=\"elementor-element elementor-element-0a320d3 elementor-widget-divider--view-line elementor-invisible elementor-widget elementor-widget-divider\" data-id=\"0a320d3\" data-element_type=\"widget\" data-e-type=\"widget\" data-settings=\"{&quot;_animation&quot;:&quot;fadeIn&quot;}\" data-widget_type=\"divider.default\">\n\t\t\t\t<div class=\"elementor-widget-container\">\n\t\t\t\t\t\t\t<div class=\"elementor-divider\">\n\t\t\t<span class=\"elementor-divider-separator\">\n\t\t\t\t\t\t<\/span>\n\t\t<\/div>\n\t\t\t\t\t\t<\/div>\n\t\t\t\t<\/div>\n\t\t\t\t<\/div>\n\t\t<div class=\"elementor-element elementor-element-09b3f3b e-con-full e-flex e-con e-child\" data-id=\"09b3f3b\" data-element_type=\"container\" data-e-type=\"container\" data-settings=\"{&quot;background_background&quot;:&quot;classic&quot;}\">\n\t\t\t\t<div class=\"elementor-element elementor-element-4392a01 elementor-button-align-start elementor-widget__width-inherit elementor-widget elementor-widget-form\" data-id=\"4392a01\" data-element_type=\"widget\" data-e-type=\"widget\" data-settings=\"{&quot;step_next_label&quot;:&quot;Suivant&quot;,&quot;step_previous_label&quot;:&quot;Pr\\u00e9c\\u00e9dent&quot;,&quot;button_width&quot;:&quot;100&quot;,&quot;step_type&quot;:&quot;number_text&quot;,&quot;step_icon_shape&quot;:&quot;circle&quot;}\" data-widget_type=\"form.default\">\n\t\t\t\t<div class=\"elementor-widget-container\">\n\t\t\t\t\t\t\t<form class=\"elementor-form\" method=\"post\" id=\"contactform\" name=\"Nouveau formulaire\" aria-label=\"Nuovo modulo\" action=\"\">\n\t\t\t<input type=\"hidden\" name=\"post_id\" value=\"65\"\/>\n\t\t\t<input type=\"hidden\" name=\"form_id\" value=\"4392a01\"\/>\n\t\t\t<input type=\"hidden\" name=\"referer_title\" value=\"Nous contacter - Phishia\" \/>\n\n\t\t\t\t\t\t\t<input type=\"hidden\" name=\"queried_id\" value=\"65\"\/>\n\t\t\t\n\t\t\t<div class=\"elementor-form-fields-wrapper elementor-labels-above\">\n\t\t\t\t\t\t\t\t<div class=\"elementor-field-type-text elementor-field-group elementor-column elementor-field-group-field_d244344 elementor-col-100 elementor-field-required elementor-mark-required\">\n\t\t\t\t\t\t\t\t\t\t\t\t<label for=\"form-field-field_d244344\" class=\"elementor-field-label\">\n\t\t\t\t\t\t\t\tNome\t\t\t\t\t\t\t<\/label>\n\t\t\t\t\t\t\t\t\t\t\t\t\t\t<input size=\"1\" type=\"text\" name=\"form_fields[field_d244344]\" id=\"form-field-field_d244344\" class=\"elementor-field elementor-size-sm  elementor-field-textual\" required=\"required\">\n\t\t\t\t\t\t\t\t\t\t\t<\/div>\n\t\t\t\t\t\t\t\t<div class=\"elementor-field-type-text elementor-field-group elementor-column elementor-field-group-field_295b568 elementor-col-100 elementor-field-required elementor-mark-required\">\n\t\t\t\t\t\t\t\t\t\t\t\t<label for=\"form-field-field_295b568\" class=\"elementor-field-label\">\n\t\t\t\t\t\t\t\tNome\t\t\t\t\t\t\t<\/label>\n\t\t\t\t\t\t\t\t\t\t\t\t\t\t<input size=\"1\" type=\"text\" name=\"form_fields[field_295b568]\" id=\"form-field-field_295b568\" class=\"elementor-field elementor-size-sm  elementor-field-textual\" required=\"required\">\n\t\t\t\t\t\t\t\t\t\t\t<\/div>\n\t\t\t\t\t\t\t\t<div class=\"elementor-field-type-tel elementor-field-group elementor-column elementor-field-group-field_b433c31 elementor-col-100 elementor-field-required elementor-mark-required\">\n\t\t\t\t\t\t\t\t\t\t\t\t<label for=\"form-field-field_b433c31\" class=\"elementor-field-label\">\n\t\t\t\t\t\t\t\tNumero di telefono\t\t\t\t\t\t\t<\/label>\n\t\t\t\t\t\t\t\t<input size=\"1\" type=\"tel\" name=\"form_fields[field_b433c31]\" id=\"form-field-field_b433c31\" class=\"elementor-field elementor-size-sm  elementor-field-textual\" required=\"required\" pattern=\"[0-9()#&amp;+*-=.]+\" title=\"Only numbers and phone characters (#, -, *, etc) are accepted.\" data-no-translation-title=\"\">\n\n\t\t\t\t\t\t<\/div>\n\t\t\t\t\t\t\t\t<div class=\"elementor-field-type-email elementor-field-group elementor-column elementor-field-group-field_951b2a3 elementor-col-100 elementor-field-required elementor-mark-required\">\n\t\t\t\t\t\t\t\t\t\t\t\t<label for=\"form-field-field_951b2a3\" class=\"elementor-field-label\">\n\t\t\t\t\t\t\t\tEmail\t\t\t\t\t\t\t<\/label>\n\t\t\t\t\t\t\t\t\t\t\t\t\t\t<input size=\"1\" type=\"email\" name=\"form_fields[field_951b2a3]\" id=\"form-field-field_951b2a3\" class=\"elementor-field elementor-size-sm  elementor-field-textual\" required=\"required\">\n\t\t\t\t\t\t\t\t\t\t\t<\/div>\n\t\t\t\t\t\t\t\t<div class=\"elementor-field-type-text elementor-field-group elementor-column elementor-field-group-field_7b652a3 elementor-col-100 elementor-field-required elementor-mark-required\">\n\t\t\t\t\t\t\t\t\t\t\t\t<label for=\"form-field-field_7b652a3\" class=\"elementor-field-label\">\n\t\t\t\t\t\t\t\tAzienda\t\t\t\t\t\t\t<\/label>\n\t\t\t\t\t\t\t\t\t\t\t\t\t\t<input size=\"1\" type=\"text\" name=\"form_fields[field_7b652a3]\" id=\"form-field-field_7b652a3\" class=\"elementor-field elementor-size-sm  elementor-field-textual\" required=\"required\">\n\t\t\t\t\t\t\t\t\t\t\t<\/div>\n\t\t\t\t\t\t\t\t<div class=\"elementor-field-type-textarea elementor-field-group elementor-column elementor-field-group-field_5090393 elementor-col-100\">\n\t\t\t\t\t\t\t\t\t\t\t\t<label for=\"form-field-field_5090393\" class=\"elementor-field-label\">\n\t\t\t\t\t\t\t\tDomande e commenti\t\t\t\t\t\t\t<\/label>\n\t\t\t\t\t\t<textarea class=\"elementor-field-textual elementor-field  elementor-size-sm\" name=\"form_fields[field_5090393]\" id=\"form-field-field_5090393\" rows=\"4\"><\/textarea>\t\t\t\t<\/div>\n\t\t\t\t\t\t\t\t<div class=\"elementor-field-group elementor-column elementor-field-type-submit elementor-col-100 e-form__buttons\">\n\t\t\t\t\t<button class=\"elementor-button elementor-size-sm\" type=\"submit\">\n\t\t\t\t\t\t<span class=\"elementor-button-content-wrapper\">\n\t\t\t\t\t\t\t\t\t\t\t\t\t\t\t\t\t\t\t\t\t\t<span class=\"elementor-button-text\">Inviare<\/span>\n\t\t\t\t\t\t\t\t\t\t\t\t\t<\/span>\n\t\t\t\t\t<\/button>\n\t\t\t\t<\/div>\n\t\t\t<\/div>\n\t\t<input type=\"hidden\" name=\"trp-form-language\" value=\"it\"\/><\/form>\n\t\t\t\t\t\t<\/div>\n\t\t\t\t<\/div>\n\t\t\t\t<\/div>\n\t\t\t\t\t<\/div>\n\t\t\t\t<\/div>\n\t\t\t\t<\/div>\n\t\t\t\t<\/div>","protected":false},"excerpt":{"rendered":"<p>Avete un'esigenza o una domanda? Saremo lieti di ascoltarvi.<\/p>","protected":false},"author":1,"featured_media":375,"parent":0,"menu_order":0,"comment_status":"closed","ping_status":"closed","template":"","meta":{"_acf_changed":false,"footnotes":""},"class_list":["post-65","page","type-page","status-publish","has-post-thumbnail","hentry"],"acf":[],"yoast_head":"<!-- This site is optimized with the Yoast SEO plugin v26.8 - https:\/\/yoast.com\/product\/yoast-seo-wordpress\/ -->\n<title>Nous contacter - Phishia<\/title>\n<meta name=\"description\" content=\"Que ce soit pour renforcer la cybers\u00e9curit\u00e9 de votre entreprise, \u00e9valuer l&#039;impact environnemental de vos activit\u00e9s, ou mettre en place des pratiques \u00e9co-responsables, nous sommes l\u00e0 pour vous accompagner.\" \/>\n<meta name=\"robots\" content=\"index, follow, max-snippet:-1, max-image-preview:large, max-video-preview:-1\" \/>\n<link rel=\"canonical\" href=\"https:\/\/phishia.fr\/it\/contatto\/\" \/>\n<meta property=\"og:locale\" content=\"it_IT\" \/>\n<meta property=\"og:type\" content=\"article\" \/>\n<meta property=\"og:title\" content=\"Nous contacter - Phishia\" \/>\n<meta property=\"og:description\" content=\"Que ce soit pour renforcer la cybers\u00e9curit\u00e9 de votre entreprise, \u00e9valuer l&#039;impact environnemental de vos activit\u00e9s, ou mettre en place des pratiques \u00e9co-responsables, nous sommes l\u00e0 pour vous accompagner.\" \/>\n<meta property=\"og:url\" content=\"https:\/\/phishia.fr\/it\/contatto\/\" \/>\n<meta property=\"og:site_name\" content=\"Phishia\" \/>\n<meta property=\"article:modified_time\" content=\"2025-03-18T10:54:40+00:00\" \/>\n<meta property=\"og:image\" content=\"https:\/\/phishia.fr\/wp-content\/uploads\/2025\/01\/Untitled-12.jpg\" \/>\n\t<meta property=\"og:image:width\" content=\"1280\" \/>\n\t<meta property=\"og:image:height\" content=\"719\" \/>\n\t<meta property=\"og:image:type\" content=\"image\/jpeg\" \/>\n<meta name=\"twitter:card\" content=\"summary_large_image\" \/>\n<meta name=\"twitter:label1\" content=\"Tempo di lettura stimato\" \/>\n\t<meta name=\"twitter:data1\" content=\"1 minuto\" \/>\n<script type=\"application\/ld+json\" class=\"yoast-schema-graph\">{\"@context\":\"https:\/\/schema.org\",\"@graph\":[{\"@type\":\"WebPage\",\"@id\":\"https:\/\/phishia.fr\/contact\/\",\"url\":\"https:\/\/phishia.fr\/contact\/\",\"name\":\"Nous contacter - Phishia\",\"isPartOf\":{\"@id\":\"https:\/\/phishia.fr\/#website\"},\"primaryImageOfPage\":{\"@id\":\"https:\/\/phishia.fr\/contact\/#primaryimage\"},\"image\":{\"@id\":\"https:\/\/phishia.fr\/contact\/#primaryimage\"},\"thumbnailUrl\":\"https:\/\/phishia.fr\/wp-content\/uploads\/2025\/01\/Untitled-12.jpg\",\"datePublished\":\"2025-01-27T14:01:29+00:00\",\"dateModified\":\"2025-03-18T10:54:40+00:00\",\"description\":\"Que ce soit pour renforcer la cybers\u00e9curit\u00e9 de votre entreprise, \u00e9valuer l'impact environnemental de vos activit\u00e9s, ou mettre en place des pratiques \u00e9co-responsables, nous sommes l\u00e0 pour vous accompagner.\",\"breadcrumb\":{\"@id\":\"https:\/\/phishia.fr\/contact\/#breadcrumb\"},\"inLanguage\":\"it-IT\",\"potentialAction\":[{\"@type\":\"ReadAction\",\"target\":[\"https:\/\/phishia.fr\/contact\/\"]}]},{\"@type\":\"ImageObject\",\"inLanguage\":\"it-IT\",\"@id\":\"https:\/\/phishia.fr\/contact\/#primaryimage\",\"url\":\"https:\/\/phishia.fr\/wp-content\/uploads\/2025\/01\/Untitled-12.jpg\",\"contentUrl\":\"https:\/\/phishia.fr\/wp-content\/uploads\/2025\/01\/Untitled-12.jpg\",\"width\":1280,\"height\":719},{\"@type\":\"BreadcrumbList\",\"@id\":\"https:\/\/phishia.fr\/contact\/#breadcrumb\",\"itemListElement\":[{\"@type\":\"ListItem\",\"position\":1,\"name\":\"Accueil\",\"item\":\"https:\/\/phishia.fr\/\"},{\"@type\":\"ListItem\",\"position\":2,\"name\":\"Nous contacter\"}]},{\"@type\":\"WebSite\",\"@id\":\"https:\/\/phishia.fr\/#website\",\"url\":\"https:\/\/phishia.fr\/\",\"name\":\"Phishia\",\"description\":\"Cabinet de Conseil IT, Cybers\u00e9curit\u00e9, Durabilit\u00e9\",\"publisher\":{\"@id\":\"https:\/\/phishia.fr\/#organization\"},\"potentialAction\":[{\"@type\":\"SearchAction\",\"target\":{\"@type\":\"EntryPoint\",\"urlTemplate\":\"https:\/\/phishia.fr\/?s={search_term_string}\"},\"query-input\":{\"@type\":\"PropertyValueSpecification\",\"valueRequired\":true,\"valueName\":\"search_term_string\"}}],\"inLanguage\":\"it-IT\"},{\"@type\":\"Organization\",\"@id\":\"https:\/\/phishia.fr\/#organization\",\"name\":\"Phishia\",\"url\":\"https:\/\/phishia.fr\/\",\"logo\":{\"@type\":\"ImageObject\",\"inLanguage\":\"it-IT\",\"@id\":\"https:\/\/phishia.fr\/#\/schema\/logo\/image\/\",\"url\":\"https:\/\/phishia.fr\/wp-content\/uploads\/2025\/01\/Logotype.png\",\"contentUrl\":\"https:\/\/phishia.fr\/wp-content\/uploads\/2025\/01\/Logotype.png\",\"width\":512,\"height\":128,\"caption\":\"Phishia\"},\"image\":{\"@id\":\"https:\/\/phishia.fr\/#\/schema\/logo\/image\/\"},\"sameAs\":[\"https:\/\/www.linkedin.com\/company\/phishia\/\"]}]}<\/script>\n<!-- \/ Yoast SEO plugin. -->","yoast_head_json":{"title":"Contattaci - Phishia","description":"Se state cercando di rafforzare la sicurezza informatica della vostra azienda, di valutare l'impatto ambientale delle vostre attivit\u00e0 o di implementare pratiche eco-responsabili, siamo qui per aiutarvi.","robots":{"index":"index","follow":"follow","max-snippet":"max-snippet:-1","max-image-preview":"max-image-preview:large","max-video-preview":"max-video-preview:-1"},"canonical":"https:\/\/phishia.fr\/it\/contatto\/","og_locale":"it_IT","og_type":"article","og_title":"Nous contacter - Phishia","og_description":"Que ce soit pour renforcer la cybers\u00e9curit\u00e9 de votre entreprise, \u00e9valuer l'impact environnemental de vos activit\u00e9s, ou mettre en place des pratiques \u00e9co-responsables, nous sommes l\u00e0 pour vous accompagner.","og_url":"https:\/\/phishia.fr\/it\/contatto\/","og_site_name":"Phishia","article_modified_time":"2025-03-18T10:54:40+00:00","og_image":[{"width":1280,"height":719,"url":"https:\/\/phishia.fr\/wp-content\/uploads\/2025\/01\/Untitled-12.jpg","type":"image\/jpeg"}],"twitter_card":"summary_large_image","twitter_misc":{"Tempo di lettura stimato":"1 minuto"},"schema":{"@context":"https:\/\/schema.org","@graph":[{"@type":"WebPage","@id":"https:\/\/phishia.fr\/contact\/","url":"https:\/\/phishia.fr\/contact\/","name":"Contattaci - Phishia","isPartOf":{"@id":"https:\/\/phishia.fr\/#website"},"primaryImageOfPage":{"@id":"https:\/\/phishia.fr\/contact\/#primaryimage"},"image":{"@id":"https:\/\/phishia.fr\/contact\/#primaryimage"},"thumbnailUrl":"https:\/\/phishia.fr\/wp-content\/uploads\/2025\/01\/Untitled-12.jpg","datePublished":"2025-01-27T14:01:29+00:00","dateModified":"2025-03-18T10:54:40+00:00","description":"Se state cercando di rafforzare la sicurezza informatica della vostra azienda, di valutare l'impatto ambientale delle vostre attivit\u00e0 o di implementare pratiche eco-responsabili, siamo qui per aiutarvi.","breadcrumb":{"@id":"https:\/\/phishia.fr\/contact\/#breadcrumb"},"inLanguage":"it-IT","potentialAction":[{"@type":"ReadAction","target":["https:\/\/phishia.fr\/contact\/"]}]},{"@type":"ImageObject","inLanguage":"it-IT","@id":"https:\/\/phishia.fr\/contact\/#primaryimage","url":"https:\/\/phishia.fr\/wp-content\/uploads\/2025\/01\/Untitled-12.jpg","contentUrl":"https:\/\/phishia.fr\/wp-content\/uploads\/2025\/01\/Untitled-12.jpg","width":1280,"height":719},{"@type":"BreadcrumbList","@id":"https:\/\/phishia.fr\/contact\/#breadcrumb","itemListElement":[{"@type":"ListItem","position":1,"name":"Accueil","item":"https:\/\/phishia.fr\/"},{"@type":"ListItem","position":2,"name":"Nous contacter"}]},{"@type":"WebSite","@id":"https:\/\/phishia.fr\/#website","url":"https:\/\/phishia.fr\/","name":"Phishia","description":"Consulenza informatica, sicurezza informatica, sostenibilit\u00e0","publisher":{"@id":"https:\/\/phishia.fr\/#organization"},"potentialAction":[{"@type":"SearchAction","target":{"@type":"EntryPoint","urlTemplate":"https:\/\/phishia.fr\/?s={search_term_string}"},"query-input":{"@type":"PropertyValueSpecification","valueRequired":true,"valueName":"search_term_string"}}],"inLanguage":"it-IT"},{"@type":"Organization","@id":"https:\/\/phishia.fr\/#organization","name":"Phishia","url":"https:\/\/phishia.fr\/","logo":{"@type":"ImageObject","inLanguage":"it-IT","@id":"https:\/\/phishia.fr\/#\/schema\/logo\/image\/","url":"https:\/\/phishia.fr\/wp-content\/uploads\/2025\/01\/Logotype.png","contentUrl":"https:\/\/phishia.fr\/wp-content\/uploads\/2025\/01\/Logotype.png","width":512,"height":128,"caption":"Phishia"},"image":{"@id":"https:\/\/phishia.fr\/#\/schema\/logo\/image\/"},"sameAs":["https:\/\/www.linkedin.com\/company\/phishia\/"]}]}},"_links":{"self":[{"href":"https:\/\/phishia.fr\/it\/wp-json\/wp\/v2\/pages\/65","targetHints":{"allow":["GET"]}}],"collection":[{"href":"https:\/\/phishia.fr\/it\/wp-json\/wp\/v2\/pages"}],"about":[{"href":"https:\/\/phishia.fr\/it\/wp-json\/wp\/v2\/types\/page"}],"author":[{"embeddable":true,"href":"https:\/\/phishia.fr\/it\/wp-json\/wp\/v2\/users\/1"}],"replies":[{"embeddable":true,"href":"https:\/\/phishia.fr\/it\/wp-json\/wp\/v2\/comments?post=65"}],"version-history":[{"count":76,"href":"https:\/\/phishia.fr\/it\/wp-json\/wp\/v2\/pages\/65\/revisions"}],"predecessor-version":[{"id":2160,"href":"https:\/\/phishia.fr\/it\/wp-json\/wp\/v2\/pages\/65\/revisions\/2160"}],"wp:featuredmedia":[{"embeddable":true,"href":"https:\/\/phishia.fr\/it\/wp-json\/wp\/v2\/media\/375"}],"wp:attachment":[{"href":"https:\/\/phishia.fr\/it\/wp-json\/wp\/v2\/media?parent=65"}],"curies":[{"name":"wp","href":"https:\/\/api.w.org\/{rel}","templated":true}]}}