{"id":3094,"date":"2025-07-01T09:23:36","date_gmt":"2025-07-01T09:23:36","guid":{"rendered":"https:\/\/phishia.fr\/?page_id=3094"},"modified":"2025-07-01T10:16:01","modified_gmt":"2025-07-01T10:16:01","slug":"riservatezza","status":"publish","type":"page","link":"https:\/\/phishia.fr\/it\/riservatezza\/","title":{"rendered":"Informativa sulla privacy"},"content":{"rendered":"<div data-elementor-type=\"wp-page\" data-elementor-id=\"3094\" class=\"elementor elementor-3094\" data-elementor-post-type=\"page\">\n\t\t\t\t<div class=\"elementor-element elementor-element-f9e6b6a e-con-full e-flex e-con e-parent\" data-id=\"f9e6b6a\" data-element_type=\"container\" data-e-type=\"container\" data-settings=\"{&quot;background_background&quot;:&quot;classic&quot;}\">\n\t\t<div class=\"elementor-element elementor-element-b835fb1 e-flex e-con-boxed e-con e-child\" data-id=\"b835fb1\" data-element_type=\"container\" data-e-type=\"container\">\n\t\t\t\t\t<div class=\"e-con-inner\">\n\t\t<div class=\"elementor-element elementor-element-5530a62 e-con-full e-flex elementor-invisible e-con e-child\" data-id=\"5530a62\" data-element_type=\"container\" data-e-type=\"container\" data-settings=\"{&quot;animation&quot;:&quot;fadeInUp&quot;,&quot;animation_delay&quot;:300}\">\n\t\t\t\t<div class=\"elementor-element elementor-element-66771d1 animated-fast elementor-invisible elementor-widget elementor-widget-heading\" data-id=\"66771d1\" data-element_type=\"widget\" data-e-type=\"widget\" data-settings=\"{&quot;_animation&quot;:&quot;fadeInUp&quot;}\" data-widget_type=\"heading.default\">\n\t\t\t\t<div class=\"elementor-widget-container\">\n\t\t\t\t\t<h2 class=\"elementor-heading-title elementor-size-default\">Informativa sulla privacy<\/h2>\t\t\t\t<\/div>\n\t\t\t\t<\/div>\n\t\t\t\t<div class=\"elementor-element elementor-element-fdc15d9 elementor-widget-divider--view-line elementor-invisible elementor-widget elementor-widget-divider\" data-id=\"fdc15d9\" data-element_type=\"widget\" data-e-type=\"widget\" data-settings=\"{&quot;_animation&quot;:&quot;fadeIn&quot;}\" data-widget_type=\"divider.default\">\n\t\t\t\t<div class=\"elementor-widget-container\">\n\t\t\t\t\t\t\t<div class=\"elementor-divider\">\n\t\t\t<span class=\"elementor-divider-separator\">\n\t\t\t\t\t\t<\/span>\n\t\t<\/div>\n\t\t\t\t\t\t<\/div>\n\t\t\t\t<\/div>\n\t\t\t\t<\/div>\n\t\t\t\t\t<\/div>\n\t\t\t\t<\/div>\n\t\t\t\t<\/div>\n\t\t<div class=\"elementor-element elementor-element-e41e359 e-flex e-con-boxed e-con e-parent\" data-id=\"e41e359\" data-element_type=\"container\" data-e-type=\"container\">\n\t\t\t\t\t<div class=\"e-con-inner\">\n\t\t\t\t<div class=\"elementor-element elementor-element-b997471 elementor-widget elementor-widget-text-editor\" data-id=\"b997471\" data-element_type=\"widget\" data-e-type=\"widget\" data-widget_type=\"text-editor.default\">\n\t\t\t\t<div class=\"elementor-widget-container\">\n\t\t\t\t\t\t\t\t\t<p><strong>COME E PERCH\u00c9 RACCOGLIAMO I DATI?<\/strong><\/p><p>PHISHIA produce e distribuisce una serie di contenuti sulla sicurezza informatica (avvisi, white paper, webinar),<br \/>newsletter). I vostri dati (cognome, nome, titolo di lavoro, azienda, indirizzo e-mail, numero di telefono) sono<br \/>forniti volontariamente quando: compilate un modulo sul nostro sito, vi registrate a una newsletter o vi iscrivete a una newsletter.<br \/>campagna o evento, ci si rivolge a noi per telefono, e-mail o online.<br \/>sociale. Conserviamo questi dati al solo scopo di inoltrare i contenuti che ci avete fornito.<br \/>relazioni con i clienti e migliorare i nostri servizi.<\/p><p>\u00a0<\/p><p><strong>COME LI USEREMO?<\/strong><\/p><p>I dati raccolti possono essere archiviati: su server ospitati da Squarespace (il nostro<br \/>piattaforma web), i nostri fornitori di servizi di invio di e-mail e moduli di registrazione. Questi sub<br \/>si impegnano contrattualmente ad applicare misure tecniche e organizzative per la protezione dei dati.<br \/>per garantire la riservatezza e la sicurezza dei vostri dati. Utilizziamo solo i vostri<br \/>Non viene mai venduto o affittato a terzi.<br \/>I vostri dati saranno conservati per il tempo necessario a fornire il servizio (e per un periodo non superiore a<br \/>tre anni dall'ultimo contatto attivo).<\/p><p>\u00a0<\/p><p><strong>COME CONTROLLARE I VOSTRI DATI ED ESERCITARE I VOSTRI DIRITTI?<\/strong><\/p><p>L'utente dispone in ogni momento dei seguenti diritti: accesso, rettifica, cancellazione, limitazione, opposizione, ecc.<br \/>e portabilit\u00e0 (articoli da 15 a 20 del GDPR). Per esercitare questi diritti o ottenere ulteriori informazioni: cliccare sul link a<br \/>annullare l'iscrizione in fondo a ogni e-mail, oppure contattare direttamente il nostro responsabile della protezione dei dati.<br \/>Responsabile della protezione dei dati (DPO): contact@phishia.fr. Provvederemo a evadere la vostra richiesta nel pi\u00f9 breve tempo possibile. Se<br \/>Se ritenete che i vostri diritti non siano stati rispettati, potete presentare un reclamo all'Ufficio per la lotta antifrode.<br \/>CNIL.<\/p><p><br \/><em>Ultimo aggiornamento: 30 giugno 2025<\/em><\/p>\t\t\t\t\t\t\t\t<\/div>\n\t\t\t\t<\/div>\n\t\t\t\t\t<\/div>\n\t\t\t\t<\/div>\n\t\t\t\t<\/div>","protected":false},"excerpt":{"rendered":"<p>Politique de confidentialit\u00e9 COMMENT ET POURQUOI COLLECTONS-NOUS DES DONN\u00c9ES ? PHISHIA produit et diffuse divers contenus sur la cybers\u00e9curit\u00e9 (alertes, livres blancs, webinaires,newsletters). Vos informations (nom, pr\u00e9nom, fonction, soci\u00e9t\u00e9, e-mail, t\u00e9l\u00e9phone) nous sontvolontairement fournies lorsque : vous remplissez un formulaire sur notre site, vous vous inscrivez \u00e0 unecampagne d\u2019information ou \u00e0 un \u00e9v\u00e9nement, vous \u00e9changez [&hellip;]<\/p>","protected":false},"author":2,"featured_media":0,"parent":0,"menu_order":0,"comment_status":"closed","ping_status":"closed","template":"","meta":{"_acf_changed":false,"footnotes":""},"class_list":["post-3094","page","type-page","status-publish","hentry"],"acf":[],"yoast_head":"<!-- This site is optimized with the Yoast SEO plugin v27.5 - https:\/\/yoast.com\/product\/yoast-seo-wordpress\/ -->\n<title>Politique de confidentialit\u00e9 - Phishia<\/title>\n<meta name=\"robots\" content=\"index, follow, max-snippet:-1, max-image-preview:large, max-video-preview:-1\" \/>\n<link rel=\"canonical\" href=\"https:\/\/phishia.fr\/it\/riservatezza\/\" \/>\n<meta property=\"og:locale\" content=\"it_IT\" \/>\n<meta property=\"og:type\" content=\"article\" \/>\n<meta property=\"og:title\" content=\"Politique de confidentialit\u00e9 - Phishia\" \/>\n<meta property=\"og:description\" content=\"Politique de confidentialit\u00e9 COMMENT ET POURQUOI COLLECTONS-NOUS DES DONN\u00c9ES ? PHISHIA produit et diffuse divers contenus sur la cybers\u00e9curit\u00e9 (alertes, livres blancs, webinaires,newsletters). Vos informations (nom, pr\u00e9nom, fonction, soci\u00e9t\u00e9, e-mail, t\u00e9l\u00e9phone) nous sontvolontairement fournies lorsque : vous remplissez un formulaire sur notre site, vous vous inscrivez \u00e0 unecampagne d\u2019information ou \u00e0 un \u00e9v\u00e9nement, vous \u00e9changez [&hellip;]\" \/>\n<meta property=\"og:url\" content=\"https:\/\/phishia.fr\/it\/riservatezza\/\" \/>\n<meta property=\"og:site_name\" content=\"Phishia\" \/>\n<meta property=\"article:modified_time\" content=\"2025-07-01T10:16:01+00:00\" \/>\n<meta name=\"twitter:card\" content=\"summary_large_image\" \/>\n<meta name=\"twitter:label1\" content=\"Tempo di lettura stimato\" \/>\n\t<meta name=\"twitter:data1\" content=\"2 minuti\" \/>\n<script type=\"application\/ld+json\" class=\"yoast-schema-graph\">{\"@context\":\"https:\\\/\\\/schema.org\",\"@graph\":[{\"@type\":\"WebPage\",\"@id\":\"https:\\\/\\\/phishia.fr\\\/confidentialite\\\/\",\"url\":\"https:\\\/\\\/phishia.fr\\\/confidentialite\\\/\",\"name\":\"Politique de confidentialit\u00e9 - Phishia\",\"isPartOf\":{\"@id\":\"https:\\\/\\\/phishia.fr\\\/#website\"},\"datePublished\":\"2025-07-01T09:23:36+00:00\",\"dateModified\":\"2025-07-01T10:16:01+00:00\",\"breadcrumb\":{\"@id\":\"https:\\\/\\\/phishia.fr\\\/confidentialite\\\/#breadcrumb\"},\"inLanguage\":\"it-IT\",\"potentialAction\":[{\"@type\":\"ReadAction\",\"target\":[\"https:\\\/\\\/phishia.fr\\\/confidentialite\\\/\"]}]},{\"@type\":\"BreadcrumbList\",\"@id\":\"https:\\\/\\\/phishia.fr\\\/confidentialite\\\/#breadcrumb\",\"itemListElement\":[{\"@type\":\"ListItem\",\"position\":1,\"name\":\"Accueil\",\"item\":\"https:\\\/\\\/phishia.fr\\\/\"},{\"@type\":\"ListItem\",\"position\":2,\"name\":\"Politique de confidentialit\u00e9\"}]},{\"@type\":\"WebSite\",\"@id\":\"https:\\\/\\\/phishia.fr\\\/#website\",\"url\":\"https:\\\/\\\/phishia.fr\\\/\",\"name\":\"Phishia\",\"description\":\"Cabinet de Conseil IT, Cybers\u00e9curit\u00e9, Durabilit\u00e9\",\"publisher\":{\"@id\":\"https:\\\/\\\/phishia.fr\\\/#organization\"},\"potentialAction\":[{\"@type\":\"SearchAction\",\"target\":{\"@type\":\"EntryPoint\",\"urlTemplate\":\"https:\\\/\\\/phishia.fr\\\/?s={search_term_string}\"},\"query-input\":{\"@type\":\"PropertyValueSpecification\",\"valueRequired\":true,\"valueName\":\"search_term_string\"}}],\"inLanguage\":\"it-IT\"},{\"@type\":\"Organization\",\"@id\":\"https:\\\/\\\/phishia.fr\\\/#organization\",\"name\":\"Phishia\",\"url\":\"https:\\\/\\\/phishia.fr\\\/\",\"logo\":{\"@type\":\"ImageObject\",\"inLanguage\":\"it-IT\",\"@id\":\"https:\\\/\\\/phishia.fr\\\/#\\\/schema\\\/logo\\\/image\\\/\",\"url\":\"https:\\\/\\\/phishia.fr\\\/wp-content\\\/uploads\\\/2025\\\/01\\\/Logotype.png\",\"contentUrl\":\"https:\\\/\\\/phishia.fr\\\/wp-content\\\/uploads\\\/2025\\\/01\\\/Logotype.png\",\"width\":512,\"height\":128,\"caption\":\"Phishia\"},\"image\":{\"@id\":\"https:\\\/\\\/phishia.fr\\\/#\\\/schema\\\/logo\\\/image\\\/\"},\"sameAs\":[\"https:\\\/\\\/www.linkedin.com\\\/company\\\/phishia\\\/\"]}]}<\/script>\n<!-- \/ Yoast SEO plugin. -->","yoast_head_json":{"title":"Informativa sulla privacy - Phishia","robots":{"index":"index","follow":"follow","max-snippet":"max-snippet:-1","max-image-preview":"max-image-preview:large","max-video-preview":"max-video-preview:-1"},"canonical":"https:\/\/phishia.fr\/it\/riservatezza\/","og_locale":"it_IT","og_type":"article","og_title":"Politique de confidentialit\u00e9 - Phishia","og_description":"Politique de confidentialit\u00e9 COMMENT ET POURQUOI COLLECTONS-NOUS DES DONN\u00c9ES ? PHISHIA produit et diffuse divers contenus sur la cybers\u00e9curit\u00e9 (alertes, livres blancs, webinaires,newsletters). Vos informations (nom, pr\u00e9nom, fonction, soci\u00e9t\u00e9, e-mail, t\u00e9l\u00e9phone) nous sontvolontairement fournies lorsque : vous remplissez un formulaire sur notre site, vous vous inscrivez \u00e0 unecampagne d\u2019information ou \u00e0 un \u00e9v\u00e9nement, vous \u00e9changez [&hellip;]","og_url":"https:\/\/phishia.fr\/it\/riservatezza\/","og_site_name":"Phishia","article_modified_time":"2025-07-01T10:16:01+00:00","twitter_card":"summary_large_image","twitter_misc":{"Tempo di lettura stimato":"2 minuti"},"schema":{"@context":"https:\/\/schema.org","@graph":[{"@type":"WebPage","@id":"https:\/\/phishia.fr\/confidentialite\/","url":"https:\/\/phishia.fr\/confidentialite\/","name":"Informativa sulla privacy - Phishia","isPartOf":{"@id":"https:\/\/phishia.fr\/#website"},"datePublished":"2025-07-01T09:23:36+00:00","dateModified":"2025-07-01T10:16:01+00:00","breadcrumb":{"@id":"https:\/\/phishia.fr\/confidentialite\/#breadcrumb"},"inLanguage":"it-IT","potentialAction":[{"@type":"ReadAction","target":["https:\/\/phishia.fr\/confidentialite\/"]}]},{"@type":"BreadcrumbList","@id":"https:\/\/phishia.fr\/confidentialite\/#breadcrumb","itemListElement":[{"@type":"ListItem","position":1,"name":"Accueil","item":"https:\/\/phishia.fr\/"},{"@type":"ListItem","position":2,"name":"Politique de confidentialit\u00e9"}]},{"@type":"WebSite","@id":"https:\/\/phishia.fr\/#website","url":"https:\/\/phishia.fr\/","name":"Phishia","description":"Consulenza informatica, sicurezza informatica, sostenibilit\u00e0","publisher":{"@id":"https:\/\/phishia.fr\/#organization"},"potentialAction":[{"@type":"SearchAction","target":{"@type":"EntryPoint","urlTemplate":"https:\/\/phishia.fr\/?s={search_term_string}"},"query-input":{"@type":"PropertyValueSpecification","valueRequired":true,"valueName":"search_term_string"}}],"inLanguage":"it-IT"},{"@type":"Organization","@id":"https:\/\/phishia.fr\/#organization","name":"Phishia","url":"https:\/\/phishia.fr\/","logo":{"@type":"ImageObject","inLanguage":"it-IT","@id":"https:\/\/phishia.fr\/#\/schema\/logo\/image\/","url":"https:\/\/phishia.fr\/wp-content\/uploads\/2025\/01\/Logotype.png","contentUrl":"https:\/\/phishia.fr\/wp-content\/uploads\/2025\/01\/Logotype.png","width":512,"height":128,"caption":"Phishia"},"image":{"@id":"https:\/\/phishia.fr\/#\/schema\/logo\/image\/"},"sameAs":["https:\/\/www.linkedin.com\/company\/phishia\/"]}]}},"_links":{"self":[{"href":"https:\/\/phishia.fr\/it\/wp-json\/wp\/v2\/pages\/3094","targetHints":{"allow":["GET"]}}],"collection":[{"href":"https:\/\/phishia.fr\/it\/wp-json\/wp\/v2\/pages"}],"about":[{"href":"https:\/\/phishia.fr\/it\/wp-json\/wp\/v2\/types\/page"}],"author":[{"embeddable":true,"href":"https:\/\/phishia.fr\/it\/wp-json\/wp\/v2\/users\/2"}],"replies":[{"embeddable":true,"href":"https:\/\/phishia.fr\/it\/wp-json\/wp\/v2\/comments?post=3094"}],"version-history":[{"count":7,"href":"https:\/\/phishia.fr\/it\/wp-json\/wp\/v2\/pages\/3094\/revisions"}],"predecessor-version":[{"id":3108,"href":"https:\/\/phishia.fr\/it\/wp-json\/wp\/v2\/pages\/3094\/revisions\/3108"}],"wp:attachment":[{"href":"https:\/\/phishia.fr\/it\/wp-json\/wp\/v2\/media?parent=3094"}],"curies":[{"name":"wp","href":"https:\/\/api.w.org\/{rel}","templated":true}]}}