{"id":67,"date":"2025-01-27T14:01:37","date_gmt":"2025-01-27T14:01:37","guid":{"rendered":"https:\/\/phishia.fr\/?page_id=67"},"modified":"2025-11-20T14:52:36","modified_gmt":"2025-11-20T14:52:36","slug":"legal-notice","status":"publish","type":"page","link":"https:\/\/phishia.fr\/en\/legal-notice\/","title":{"rendered":"Terms of use"},"content":{"rendered":"<div data-elementor-type=\"wp-page\" data-elementor-id=\"67\" class=\"elementor elementor-67\" data-elementor-post-type=\"page\">\n\t\t\t\t<div class=\"elementor-element elementor-element-026e826 e-con-full e-flex e-con e-parent\" data-id=\"026e826\" data-element_type=\"container\" data-e-type=\"container\" data-settings=\"{&quot;background_background&quot;:&quot;classic&quot;}\">\n\t\t<div class=\"elementor-element elementor-element-acbabfa e-flex e-con-boxed e-con e-child\" data-id=\"acbabfa\" data-element_type=\"container\" data-e-type=\"container\">\n\t\t\t\t\t<div class=\"e-con-inner\">\n\t\t<div class=\"elementor-element elementor-element-12d2237 e-con-full e-flex elementor-invisible e-con e-child\" data-id=\"12d2237\" data-element_type=\"container\" data-e-type=\"container\" data-settings=\"{&quot;animation&quot;:&quot;fadeInUp&quot;,&quot;animation_delay&quot;:300}\">\n\t\t\t\t<div class=\"elementor-element elementor-element-87b4ba7 animated-fast elementor-invisible elementor-widget elementor-widget-heading\" data-id=\"87b4ba7\" data-element_type=\"widget\" data-e-type=\"widget\" data-settings=\"{&quot;_animation&quot;:&quot;fadeInUp&quot;}\" data-widget_type=\"heading.default\">\n\t\t\t\t<div class=\"elementor-widget-container\">\n\t\t\t\t\t<h2 class=\"elementor-heading-title elementor-size-default\">Terms of use<\/h2>\t\t\t\t<\/div>\n\t\t\t\t<\/div>\n\t\t\t\t<div class=\"elementor-element elementor-element-ef1b52f elementor-widget-divider--view-line elementor-invisible elementor-widget elementor-widget-divider\" data-id=\"ef1b52f\" data-element_type=\"widget\" data-e-type=\"widget\" data-settings=\"{&quot;_animation&quot;:&quot;fadeIn&quot;}\" data-widget_type=\"divider.default\">\n\t\t\t\t<div class=\"elementor-widget-container\">\n\t\t\t\t\t\t\t<div class=\"elementor-divider\">\n\t\t\t<span class=\"elementor-divider-separator\">\n\t\t\t\t\t\t<\/span>\n\t\t<\/div>\n\t\t\t\t\t\t<\/div>\n\t\t\t\t<\/div>\n\t\t\t\t<\/div>\n\t\t\t\t\t<\/div>\n\t\t\t\t<\/div>\n\t\t\t\t<\/div>\n\t\t<div class=\"elementor-element elementor-element-49cc18b e-flex e-con-boxed e-con e-parent\" data-id=\"49cc18b\" data-element_type=\"container\" data-e-type=\"container\">\n\t\t\t\t\t<div class=\"e-con-inner\">\n\t\t\t\t<div class=\"elementor-element elementor-element-786e890 elementor-widget elementor-widget-text-editor\" data-id=\"786e890\" data-element_type=\"widget\" data-e-type=\"widget\" data-widget_type=\"text-editor.default\">\n\t\t\t\t<div class=\"elementor-widget-container\">\n\t\t\t\t\t\t\t\t\t<p><strong>Site editor :<\/strong><\/p><p>PHISHIA, SARL<\/p><p>Head office: 29 rue de Bassano 75008 Paris.<\/p><p>SIREN : 929 476 471 | RCS Nanterre<\/p><p>VAT number: FR10929476471<\/p><p><strong>Contact:<\/strong><\/p><p>Email : contact@phishia.fr<\/p><p><strong>Director of publication:<\/strong><\/p><p>Hugo Lanier (Company co-founder)<\/p><p><strong>Site host :<\/strong><\/p><p>Squarespace Ireland Limited<\/p><p>Squarespace House, Ship Street Great, Dublin 8, D08 N12C, Ireland<\/p><p>Private limited company n\u00b0 527 641 squarespace.com<\/p><p><strong>Intellectual property :<\/strong><\/p><p>All site content (text, graphics, logos, images, files, database, structure and layout) is protected by copyright and other intellectual property rights.<\/p><p>Any reproduction or representation, total or partial, without the prior written authorization of PHISHIA is forbidden.<\/p><p><strong>Personal data :<\/strong><\/p><p>The terms and conditions for collecting and processing visitor data are detailed in the <a href=\"\/en\/privacy\/\">Privacy policy<\/a>.<\/p><p><strong>Update :<\/strong><\/p><p>Last update: June 30, 2025<\/p>\t\t\t\t\t\t\t\t<\/div>\n\t\t\t\t<\/div>\n\t\t\t\t\t<\/div>\n\t\t\t\t<\/div>\n\t\t\t\t<\/div>","protected":false},"excerpt":{"rendered":"<p>Mentions l\u00e9gales \u00c9diteur du site : PHISHIA, SARL Si\u00e8ge social : 29 rue de Bassano 75008 Paris. SIREN : 929 476 471 | RCS Nanterre N\u00b0 de TVA : FR10929476471 Contact : Email : contact@phishia.fr Directeur de la publication : Hugo Lanier (Co-fondateur de la soci\u00e9t\u00e9) H\u00e9bergeur du site : Squarespace Ireland Limited Squarespace House, [&hellip;]<\/p>","protected":false},"author":1,"featured_media":0,"parent":0,"menu_order":0,"comment_status":"closed","ping_status":"closed","template":"","meta":{"_acf_changed":false,"footnotes":""},"class_list":["post-67","page","type-page","status-publish","hentry"],"acf":[],"yoast_head":"<!-- This site is optimized with the Yoast SEO plugin v26.8 - https:\/\/yoast.com\/product\/yoast-seo-wordpress\/ -->\n<title>Mentions l\u00e9gales - Phishia<\/title>\n<meta name=\"robots\" content=\"index, follow, max-snippet:-1, max-image-preview:large, max-video-preview:-1\" \/>\n<link rel=\"canonical\" href=\"https:\/\/phishia.fr\/en\/legal-notice\/\" \/>\n<meta property=\"og:locale\" content=\"en_US\" \/>\n<meta property=\"og:type\" content=\"article\" \/>\n<meta property=\"og:title\" content=\"Mentions l\u00e9gales - Phishia\" \/>\n<meta property=\"og:description\" content=\"Mentions l\u00e9gales \u00c9diteur du site : PHISHIA, SARL Si\u00e8ge social : 29 rue de Bassano 75008 Paris. SIREN : 929 476 471 | RCS Nanterre N\u00b0 de TVA : FR10929476471 Contact : Email : contact@phishia.fr Directeur de la publication : Hugo Lanier (Co-fondateur de la soci\u00e9t\u00e9) H\u00e9bergeur du site : Squarespace Ireland Limited Squarespace House, [&hellip;]\" \/>\n<meta property=\"og:url\" content=\"https:\/\/phishia.fr\/en\/legal-notice\/\" \/>\n<meta property=\"og:site_name\" content=\"Phishia\" \/>\n<meta property=\"article:modified_time\" content=\"2025-11-20T14:52:36+00:00\" \/>\n<meta name=\"twitter:card\" content=\"summary_large_image\" \/>\n<meta name=\"twitter:label1\" content=\"Est. reading time\" \/>\n\t<meta name=\"twitter:data1\" content=\"1 minute\" \/>\n<script type=\"application\/ld+json\" class=\"yoast-schema-graph\">{\"@context\":\"https:\/\/schema.org\",\"@graph\":[{\"@type\":\"WebPage\",\"@id\":\"https:\/\/phishia.fr\/mentions-legales\/\",\"url\":\"https:\/\/phishia.fr\/mentions-legales\/\",\"name\":\"Mentions l\u00e9gales - Phishia\",\"isPartOf\":{\"@id\":\"https:\/\/phishia.fr\/#website\"},\"datePublished\":\"2025-01-27T14:01:37+00:00\",\"dateModified\":\"2025-11-20T14:52:36+00:00\",\"breadcrumb\":{\"@id\":\"https:\/\/phishia.fr\/mentions-legales\/#breadcrumb\"},\"inLanguage\":\"en-US\",\"potentialAction\":[{\"@type\":\"ReadAction\",\"target\":[\"https:\/\/phishia.fr\/mentions-legales\/\"]}]},{\"@type\":\"BreadcrumbList\",\"@id\":\"https:\/\/phishia.fr\/mentions-legales\/#breadcrumb\",\"itemListElement\":[{\"@type\":\"ListItem\",\"position\":1,\"name\":\"Accueil\",\"item\":\"https:\/\/phishia.fr\/\"},{\"@type\":\"ListItem\",\"position\":2,\"name\":\"Mentions l\u00e9gales\"}]},{\"@type\":\"WebSite\",\"@id\":\"https:\/\/phishia.fr\/#website\",\"url\":\"https:\/\/phishia.fr\/\",\"name\":\"Phishia\",\"description\":\"Cabinet de Conseil IT, Cybers\u00e9curit\u00e9, Durabilit\u00e9\",\"publisher\":{\"@id\":\"https:\/\/phishia.fr\/#organization\"},\"potentialAction\":[{\"@type\":\"SearchAction\",\"target\":{\"@type\":\"EntryPoint\",\"urlTemplate\":\"https:\/\/phishia.fr\/?s={search_term_string}\"},\"query-input\":{\"@type\":\"PropertyValueSpecification\",\"valueRequired\":true,\"valueName\":\"search_term_string\"}}],\"inLanguage\":\"en-US\"},{\"@type\":\"Organization\",\"@id\":\"https:\/\/phishia.fr\/#organization\",\"name\":\"Phishia\",\"url\":\"https:\/\/phishia.fr\/\",\"logo\":{\"@type\":\"ImageObject\",\"inLanguage\":\"en-US\",\"@id\":\"https:\/\/phishia.fr\/#\/schema\/logo\/image\/\",\"url\":\"https:\/\/phishia.fr\/wp-content\/uploads\/2025\/01\/Logotype.png\",\"contentUrl\":\"https:\/\/phishia.fr\/wp-content\/uploads\/2025\/01\/Logotype.png\",\"width\":512,\"height\":128,\"caption\":\"Phishia\"},\"image\":{\"@id\":\"https:\/\/phishia.fr\/#\/schema\/logo\/image\/\"},\"sameAs\":[\"https:\/\/www.linkedin.com\/company\/phishia\/\"]}]}<\/script>\n<!-- \/ Yoast SEO plugin. -->","yoast_head_json":{"title":"Legal information - Phishia","robots":{"index":"index","follow":"follow","max-snippet":"max-snippet:-1","max-image-preview":"max-image-preview:large","max-video-preview":"max-video-preview:-1"},"canonical":"https:\/\/phishia.fr\/en\/legal-notice\/","og_locale":"en_US","og_type":"article","og_title":"Mentions l\u00e9gales - Phishia","og_description":"Mentions l\u00e9gales \u00c9diteur du site : PHISHIA, SARL Si\u00e8ge social : 29 rue de Bassano 75008 Paris. SIREN : 929 476 471 | RCS Nanterre N\u00b0 de TVA : FR10929476471 Contact : Email : contact@phishia.fr Directeur de la publication : Hugo Lanier (Co-fondateur de la soci\u00e9t\u00e9) H\u00e9bergeur du site : Squarespace Ireland Limited Squarespace House, [&hellip;]","og_url":"https:\/\/phishia.fr\/en\/legal-notice\/","og_site_name":"Phishia","article_modified_time":"2025-11-20T14:52:36+00:00","twitter_card":"summary_large_image","twitter_misc":{"Est. reading time":"1 minute"},"schema":{"@context":"https:\/\/schema.org","@graph":[{"@type":"WebPage","@id":"https:\/\/phishia.fr\/mentions-legales\/","url":"https:\/\/phishia.fr\/mentions-legales\/","name":"Legal information - Phishia","isPartOf":{"@id":"https:\/\/phishia.fr\/#website"},"datePublished":"2025-01-27T14:01:37+00:00","dateModified":"2025-11-20T14:52:36+00:00","breadcrumb":{"@id":"https:\/\/phishia.fr\/mentions-legales\/#breadcrumb"},"inLanguage":"en-US","potentialAction":[{"@type":"ReadAction","target":["https:\/\/phishia.fr\/mentions-legales\/"]}]},{"@type":"BreadcrumbList","@id":"https:\/\/phishia.fr\/mentions-legales\/#breadcrumb","itemListElement":[{"@type":"ListItem","position":1,"name":"Accueil","item":"https:\/\/phishia.fr\/"},{"@type":"ListItem","position":2,"name":"Mentions l\u00e9gales"}]},{"@type":"WebSite","@id":"https:\/\/phishia.fr\/#website","url":"https:\/\/phishia.fr\/","name":"Phishia","description":"IT Consulting, Cybersecurity, Sustainability","publisher":{"@id":"https:\/\/phishia.fr\/#organization"},"potentialAction":[{"@type":"SearchAction","target":{"@type":"EntryPoint","urlTemplate":"https:\/\/phishia.fr\/?s={search_term_string}"},"query-input":{"@type":"PropertyValueSpecification","valueRequired":true,"valueName":"search_term_string"}}],"inLanguage":"en-US"},{"@type":"Organization","@id":"https:\/\/phishia.fr\/#organization","name":"Phishia","url":"https:\/\/phishia.fr\/","logo":{"@type":"ImageObject","inLanguage":"en-US","@id":"https:\/\/phishia.fr\/#\/schema\/logo\/image\/","url":"https:\/\/phishia.fr\/wp-content\/uploads\/2025\/01\/Logotype.png","contentUrl":"https:\/\/phishia.fr\/wp-content\/uploads\/2025\/01\/Logotype.png","width":512,"height":128,"caption":"Phishia"},"image":{"@id":"https:\/\/phishia.fr\/#\/schema\/logo\/image\/"},"sameAs":["https:\/\/www.linkedin.com\/company\/phishia\/"]}]}},"_links":{"self":[{"href":"https:\/\/phishia.fr\/en\/wp-json\/wp\/v2\/pages\/67","targetHints":{"allow":["GET"]}}],"collection":[{"href":"https:\/\/phishia.fr\/en\/wp-json\/wp\/v2\/pages"}],"about":[{"href":"https:\/\/phishia.fr\/en\/wp-json\/wp\/v2\/types\/page"}],"author":[{"embeddable":true,"href":"https:\/\/phishia.fr\/en\/wp-json\/wp\/v2\/users\/1"}],"replies":[{"embeddable":true,"href":"https:\/\/phishia.fr\/en\/wp-json\/wp\/v2\/comments?post=67"}],"version-history":[{"count":25,"href":"https:\/\/phishia.fr\/en\/wp-json\/wp\/v2\/pages\/67\/revisions"}],"predecessor-version":[{"id":3709,"href":"https:\/\/phishia.fr\/en\/wp-json\/wp\/v2\/pages\/67\/revisions\/3709"}],"wp:attachment":[{"href":"https:\/\/phishia.fr\/en\/wp-json\/wp\/v2\/media?parent=67"}],"curies":[{"name":"wp","href":"https:\/\/api.w.org\/{rel}","templated":true}]}}