{"id":640,"date":"2025-02-05T09:33:37","date_gmt":"2025-02-05T09:33:37","guid":{"rendered":"https:\/\/phishia.fr\/?page_id=640"},"modified":"2025-11-25T15:03:58","modified_gmt":"2025-11-25T15:03:58","slug":"assistance-remediation","status":"publish","type":"page","link":"https:\/\/phishia.fr\/en\/incident-response-2\/assistance-remediation\/","title":{"rendered":"Post-Incident Assistance and Remediation"},"content":{"rendered":"<div data-elementor-type=\"wp-page\" data-elementor-id=\"640\" class=\"elementor elementor-640\" data-elementor-post-type=\"page\">\n\t\t\t\t<div class=\"elementor-element elementor-element-ba3d5b1 e-flex e-con-boxed e-con e-parent\" data-id=\"ba3d5b1\" data-element_type=\"container\" data-e-type=\"container\" data-settings=\"{&quot;background_background&quot;:&quot;classic&quot;}\">\n\t\t\t\t\t<div class=\"e-con-inner\">\n\t\t<div class=\"elementor-element elementor-element-5012189 e-con-full e-flex elementor-invisible e-con e-child\" data-id=\"5012189\" data-element_type=\"container\" data-e-type=\"container\" data-settings=\"{&quot;animation&quot;:&quot;fadeIn&quot;}\">\n\t\t\t\t<div class=\"elementor-element elementor-element-529a4f7 elementor-align-left elementor-invisible elementor-widget elementor-widget-breadcrumbs\" data-id=\"529a4f7\" data-element_type=\"widget\" data-e-type=\"widget\" data-settings=\"{&quot;_animation&quot;:&quot;fadeIn&quot;,&quot;_animation_delay&quot;:300}\" data-widget_type=\"breadcrumbs.default\">\n\t\t\t\t<div class=\"elementor-widget-container\">\n\t\t\t\t\t<p id=\"breadcrumbs\"><span><span><a href=\"https:\/\/phishia.fr\/en\/\">Home<\/a><\/span><\/span><\/p>\t\t\t\t<\/div>\n\t\t\t\t<\/div>\n\t\t<div class=\"elementor-element elementor-element-01a2e60 e-con-full e-flex elementor-invisible e-con e-child\" data-id=\"01a2e60\" data-element_type=\"container\" data-e-type=\"container\" data-settings=\"{&quot;animation&quot;:&quot;fadeIn&quot;}\">\n\t\t<div class=\"elementor-element elementor-element-848d2fa e-con-full e-flex elementor-invisible e-con e-child\" data-id=\"848d2fa\" data-element_type=\"container\" data-e-type=\"container\" data-settings=\"{&quot;animation&quot;:&quot;fadeIn&quot;}\">\n\t\t\t\t<div class=\"elementor-element elementor-element-f1ed36e animated-fast elementor-invisible elementor-widget elementor-widget-heading\" data-id=\"f1ed36e\" data-element_type=\"widget\" data-e-type=\"widget\" data-settings=\"{&quot;_animation&quot;:&quot;fadeInUp&quot;}\" data-widget_type=\"heading.default\">\n\t\t\t\t<div class=\"elementor-widget-container\">\n\t\t\t\t\t<h2 class=\"elementor-heading-title elementor-size-default\">Incident Assistance and Remediation<\/h2>\t\t\t\t<\/div>\n\t\t\t\t<\/div>\n\t\t\t\t<div class=\"elementor-element elementor-element-f73b650 elementor-widget-divider--view-line elementor-invisible elementor-widget elementor-widget-divider\" data-id=\"f73b650\" data-element_type=\"widget\" data-e-type=\"widget\" data-settings=\"{&quot;_animation&quot;:&quot;fadeIn&quot;}\" data-widget_type=\"divider.default\">\n\t\t\t\t<div class=\"elementor-widget-container\">\n\t\t\t\t\t\t\t<div class=\"elementor-divider\">\n\t\t\t<span class=\"elementor-divider-separator\">\n\t\t\t\t\t\t<\/span>\n\t\t<\/div>\n\t\t\t\t\t\t<\/div>\n\t\t\t\t<\/div>\n\t\t\t\t<div class=\"elementor-element elementor-element-edee29d elementor-widget__width-initial elementor-widget-mobile__width-inherit elementor-widget-tablet__width-inherit elementor-invisible elementor-widget elementor-widget-text-editor\" data-id=\"edee29d\" data-element_type=\"widget\" data-e-type=\"widget\" data-settings=\"{&quot;_animation&quot;:&quot;fadeIn&quot;,&quot;_animation_delay&quot;:300}\" data-widget_type=\"text-editor.default\">\n\t\t\t\t<div class=\"elementor-widget-container\">\n\t\t\t\t\t\t\t\t\tIn the event of a cyber-attack or major breakdown, our team intervenes quickly to limit the damage and restore your systems. We help you identify the causes, repair the damage and strengthen your security to prevent future incidents.\t\t\t\t\t\t\t\t<\/div>\n\t\t\t\t<\/div>\n\t\t\t\t<\/div>\n\t\t<div class=\"elementor-element elementor-element-f4519bd e-con-full e-flex e-con e-child\" data-id=\"f4519bd\" data-element_type=\"container\" data-e-type=\"container\">\n\t\t\t\t<div class=\"elementor-element elementor-element-7f2414c elementor-align-right elementor-tablet-align-center elementor-widget elementor-widget-button\" data-id=\"7f2414c\" data-element_type=\"widget\" data-e-type=\"widget\" data-widget_type=\"button.default\">\n\t\t\t\t<div class=\"elementor-widget-container\">\n\t\t\t\t\t\t\t\t\t<div class=\"elementor-button-wrapper\">\n\t\t\t\t\t<a class=\"elementor-button elementor-button-link elementor-size-sm\" href=\"\/en\/contact\/\">\n\t\t\t\t\t\t<span class=\"elementor-button-content-wrapper\">\n\t\t\t\t\t\t\t\t\t<span class=\"elementor-button-text\">I have a project<\/span>\n\t\t\t\t\t<\/span>\n\t\t\t\t\t<\/a>\n\t\t\t\t<\/div>\n\t\t\t\t\t\t\t\t<\/div>\n\t\t\t\t<\/div>\n\t\t\t\t<\/div>\n\t\t\t\t<\/div>\n\t\t\t\t<\/div>\n\t\t<div class=\"elementor-element elementor-element-0230d51 e-con-full e-flex elementor-invisible e-con e-child\" data-id=\"0230d51\" data-element_type=\"container\" data-e-type=\"container\" data-settings=\"{&quot;animation&quot;:&quot;fadeIn&quot;}\">\n\t\t<div class=\"elementor-element elementor-element-eecb452 e-con-full e-flex elementor-invisible e-con e-child\" data-id=\"eecb452\" data-element_type=\"container\" data-e-type=\"container\" data-settings=\"{&quot;animation&quot;:&quot;fadeInUp&quot;,&quot;animation_delay&quot;:300}\">\n\t\t\t\t<div class=\"elementor-element elementor-element-031ab7d elementor-widget elementor-widget-heading\" data-id=\"031ab7d\" data-element_type=\"widget\" data-e-type=\"widget\" data-widget_type=\"heading.default\">\n\t\t\t\t<div class=\"elementor-widget-container\">\n\t\t\t\t\t<h2 class=\"elementor-heading-title elementor-size-default\">Services<\/h2>\t\t\t\t<\/div>\n\t\t\t\t<\/div>\n\t\t\t\t<div class=\"elementor-element elementor-element-781cbd2 elementor-widget-divider--view-line elementor-widget elementor-widget-divider\" data-id=\"781cbd2\" data-element_type=\"widget\" data-e-type=\"widget\" data-widget_type=\"divider.default\">\n\t\t\t\t<div class=\"elementor-widget-container\">\n\t\t\t\t\t\t\t<div class=\"elementor-divider\">\n\t\t\t<span class=\"elementor-divider-separator\">\n\t\t\t\t\t\t<\/span>\n\t\t<\/div>\n\t\t\t\t\t\t<\/div>\n\t\t\t\t<\/div>\n\t\t\t\t<\/div>\n\t\t<div class=\"elementor-element elementor-element-ff00f1f e-con-full e-grid e-con e-child\" data-id=\"ff00f1f\" data-element_type=\"container\" data-e-type=\"container\">\n\t\t<div class=\"elementor-element elementor-element-0b272d2 e-con-full e-flex elementor-invisible e-con e-child\" data-id=\"0b272d2\" data-element_type=\"container\" data-e-type=\"container\" data-settings=\"{&quot;background_background&quot;:&quot;classic&quot;,&quot;animation&quot;:&quot;fadeIn&quot;,&quot;animation_delay&quot;:200}\">\n\t\t\t\t<div class=\"elementor-element elementor-element-7e93b02 elementor-widget elementor-widget-heading\" data-id=\"7e93b02\" data-element_type=\"widget\" data-e-type=\"widget\" data-widget_type=\"heading.default\">\n\t\t\t\t<div class=\"elementor-widget-container\">\n\t\t\t\t\t<h2 class=\"elementor-heading-title elementor-size-default\">Security Audit<\/h2>\t\t\t\t<\/div>\n\t\t\t\t<\/div>\n\t\t\t\t<div class=\"elementor-element elementor-element-65ab5e2 elementor-widget elementor-widget-text-editor\" data-id=\"65ab5e2\" data-element_type=\"widget\" data-e-type=\"widget\" data-widget_type=\"text-editor.default\">\n\t\t\t\t<div class=\"elementor-widget-container\">\n\t\t\t\t\t\t\t\t\t<ul><li>Assessment of safety measures in place after an incident.<\/li><li>Identification of vulnerabilities and areas for improvement.<\/li><li>Recommendations to enhance safety and prevent future incidents.<\/li><\/ul>\t\t\t\t\t\t\t\t<\/div>\n\t\t\t\t<\/div>\n\t\t\t\t<\/div>\n\t\t<div class=\"elementor-element elementor-element-cac7da1 e-con-full e-flex elementor-invisible e-con e-child\" data-id=\"cac7da1\" data-element_type=\"container\" data-e-type=\"container\" data-settings=\"{&quot;background_background&quot;:&quot;classic&quot;,&quot;animation&quot;:&quot;fadeIn&quot;,&quot;animation_delay&quot;:200}\">\n\t\t\t\t<div class=\"elementor-element elementor-element-ffc3f47 elementor-widget elementor-widget-heading\" data-id=\"ffc3f47\" data-element_type=\"widget\" data-e-type=\"widget\" data-widget_type=\"heading.default\">\n\t\t\t\t<div class=\"elementor-widget-container\">\n\t\t\t\t\t<h2 class=\"elementor-heading-title elementor-size-default\">Enhanced safety<\/h2>\t\t\t\t<\/div>\n\t\t\t\t<\/div>\n\t\t\t\t<div class=\"elementor-element elementor-element-675a00a elementor-widget elementor-widget-text-editor\" data-id=\"675a00a\" data-element_type=\"widget\" data-e-type=\"widget\" data-widget_type=\"text-editor.default\">\n\t\t\t\t<div class=\"elementor-widget-container\">\n\t\t\t\t\t\t\t\t\t<ul>\n<li>Updating security policies and procedures to close identified loopholes.<\/li>\n<li>Employee training programs on best safety practices.<\/li>\n<li>Post-incident safety audits to evaluate existing measures and suggest improvements.<\/li>\n<\/ul>\t\t\t\t\t\t\t\t<\/div>\n\t\t\t\t<\/div>\n\t\t\t\t<\/div>\n\t\t<div class=\"elementor-element elementor-element-cd431e3 e-con-full e-flex elementor-invisible e-con e-child\" data-id=\"cd431e3\" data-element_type=\"container\" data-e-type=\"container\" data-settings=\"{&quot;background_background&quot;:&quot;classic&quot;,&quot;animation&quot;:&quot;fadeIn&quot;,&quot;animation_delay&quot;:200}\">\n\t\t\t\t<div class=\"elementor-element elementor-element-cab24b4 elementor-widget elementor-widget-heading\" data-id=\"cab24b4\" data-element_type=\"widget\" data-e-type=\"widget\" data-widget_type=\"heading.default\">\n\t\t\t\t<div class=\"elementor-widget-container\">\n\t\t\t\t\t<h2 class=\"elementor-heading-title elementor-size-default\">Remediation and Restoration<\/h2>\t\t\t\t<\/div>\n\t\t\t\t<\/div>\n\t\t\t\t<div class=\"elementor-element elementor-element-084a4c1 elementor-widget elementor-widget-text-editor\" data-id=\"084a4c1\" data-element_type=\"widget\" data-e-type=\"widget\" data-widget_type=\"text-editor.default\">\n\t\t\t\t<div class=\"elementor-widget-container\">\n\t\t\t\t\t\t\t\t\t<ul>\n<li>Identify and remove malware, viruses and other threats that compromise systems.<\/li>\n<li>Restoration of affected systems to ensure their proper operation.<\/li>\n<li>Use backups to restore lost or corrupted data and ensure business continuity.<\/li>\n<\/ul>\t\t\t\t\t\t\t\t<\/div>\n\t\t\t\t<\/div>\n\t\t\t\t<\/div>\n\t\t<div class=\"elementor-element elementor-element-7dc5d3f e-con-full e-flex elementor-invisible e-con e-child\" data-id=\"7dc5d3f\" data-element_type=\"container\" data-e-type=\"container\" data-settings=\"{&quot;background_background&quot;:&quot;classic&quot;,&quot;animation&quot;:&quot;fadeIn&quot;,&quot;animation_delay&quot;:200}\">\n\t\t\t\t<div class=\"elementor-element elementor-element-7623e9e elementor-widget elementor-widget-heading\" data-id=\"7623e9e\" data-element_type=\"widget\" data-e-type=\"widget\" data-widget_type=\"heading.default\">\n\t\t\t\t<div class=\"elementor-widget-container\">\n\t\t\t\t\t<h2 class=\"elementor-heading-title elementor-size-default\">Crisis Management<\/h2>\t\t\t\t<\/div>\n\t\t\t\t<\/div>\n\t\t\t\t<div class=\"elementor-element elementor-element-a0c4875 elementor-widget elementor-widget-text-editor\" data-id=\"a0c4875\" data-element_type=\"widget\" data-e-type=\"widget\" data-widget_type=\"text-editor.default\">\n\t\t\t\t<div class=\"elementor-widget-container\">\n\t\t\t\t\t\t\t\t\t<ul>\n<li>Activation of a rapid response team to deal with the incident as soon as it is detected.<\/li>\n<li>In-depth investigation to determine the origin, method and impact of the attack or failure.<\/li>\n<li>Internal and external communication management to inform stakeholders and minimize impact on reputation.<\/li>\n<\/ul>\t\t\t\t\t\t\t\t<\/div>\n\t\t\t\t<\/div>\n\t\t\t\t<\/div>\n\t\t\t\t<\/div>\n\t\t<div class=\"elementor-element elementor-element-6c3219f e-con-full e-flex e-con e-child\" data-id=\"6c3219f\" data-element_type=\"container\" data-e-type=\"container\" data-settings=\"{&quot;background_background&quot;:&quot;classic&quot;}\">\n\t\t\t\t<div class=\"elementor-element elementor-element-b960695 elementor-widget elementor-widget-heading\" data-id=\"b960695\" data-element_type=\"widget\" data-e-type=\"widget\" data-widget_type=\"heading.default\">\n\t\t\t\t<div class=\"elementor-widget-container\">\n\t\t\t\t\t<p class=\"elementor-heading-title elementor-size-default\">Why Choose Phishia ?<\/p>\t\t\t\t<\/div>\n\t\t\t\t<\/div>\n\t\t\t\t<div class=\"elementor-element elementor-element-aa48f6f elementor-widget elementor-widget-text-editor\" data-id=\"aa48f6f\" data-element_type=\"widget\" data-e-type=\"widget\" data-widget_type=\"text-editor.default\">\n\t\t\t\t<div class=\"elementor-widget-container\">\n\t\t\t\t\t\t\t\t\t<p>Our team, available 24\/7, intervenes rapidly to limit the impact of incidents. Thanks to the expertise of our cybersecurity specialists, we can handle complex situations and provide effective solutions. As well as resolving incidents, we also reinforce security to prevent future attacks.<\/p>\t\t\t\t\t\t\t\t<\/div>\n\t\t\t\t<\/div>\n\t\t\t\t<div class=\"elementor-element elementor-element-cb419fb elementor-align-right elementor-tablet-align-center elementor-mobile-align-justify elementor-widget elementor-widget-button\" data-id=\"cb419fb\" data-element_type=\"widget\" data-e-type=\"widget\" data-widget_type=\"button.default\">\n\t\t\t\t<div class=\"elementor-widget-container\">\n\t\t\t\t\t\t\t\t\t<div class=\"elementor-button-wrapper\">\n\t\t\t\t\t<a class=\"elementor-button elementor-button-link elementor-size-sm\" href=\"\/en\/contact\/\">\n\t\t\t\t\t\t<span class=\"elementor-button-content-wrapper\">\n\t\t\t\t\t\t\t\t\t<span class=\"elementor-button-text\">Request a quote<\/span>\n\t\t\t\t\t<\/span>\n\t\t\t\t\t<\/a>\n\t\t\t\t<\/div>\n\t\t\t\t\t\t\t\t<\/div>\n\t\t\t\t<\/div>\n\t\t\t\t<\/div>\n\t\t\t\t<\/div>\n\t\t\t\t\t<\/div>\n\t\t\t\t<\/div>\n\t\t\t\t<\/div>","protected":false},"excerpt":{"rendered":"<p>Incident Remediation and Support In the event of a cyber-attack or major breakdown, our team responds swiftly to limit the damage and restore your systems. We help you identify the causes, repair the damage and strengthen your security to prevent future incidents. I have a project Services Offered Security Audit Assessment of [...]<\/p>","protected":false},"author":2,"featured_media":231,"parent":620,"menu_order":0,"comment_status":"closed","ping_status":"closed","template":"","meta":{"_acf_changed":false,"footnotes":""},"class_list":["post-640","page","type-page","status-publish","has-post-thumbnail","hentry"],"acf":[],"yoast_head":"<!-- This site is optimized with the Yoast SEO plugin v27.5 - https:\/\/yoast.com\/product\/yoast-seo-wordpress\/ -->\n<title>Assistance et rem\u00e9diation apr\u00e8s incident - Phishia<\/title>\n<meta name=\"description\" content=\"En cas de cyberattaque ou de panne majeure, notre \u00e9quipe intervient rapidement pour limiter les d\u00e9g\u00e2ts et r\u00e9tablir vos syst\u00e8mes. Nous vous aidons \u00e0 identifier les causes, r\u00e9parer les dommages et renforcer votre s\u00e9curit\u00e9 pour pr\u00e9venir de futurs incidents.\" \/>\n<meta name=\"robots\" content=\"index, follow, max-snippet:-1, max-image-preview:large, max-video-preview:-1\" \/>\n<link rel=\"canonical\" href=\"https:\/\/phishia.fr\/en\/incident-response-2\/assistance-remediation\/\" \/>\n<meta property=\"og:locale\" content=\"en_US\" \/>\n<meta property=\"og:type\" content=\"article\" \/>\n<meta property=\"og:title\" content=\"Assistance et rem\u00e9diation apr\u00e8s incident - Phishia\" \/>\n<meta property=\"og:description\" content=\"En cas de cyberattaque ou de panne majeure, notre \u00e9quipe intervient rapidement pour limiter les d\u00e9g\u00e2ts et r\u00e9tablir vos syst\u00e8mes. Nous vous aidons \u00e0 identifier les causes, r\u00e9parer les dommages et renforcer votre s\u00e9curit\u00e9 pour pr\u00e9venir de futurs incidents.\" \/>\n<meta property=\"og:url\" content=\"https:\/\/phishia.fr\/en\/incident-response-2\/assistance-remediation\/\" \/>\n<meta property=\"og:site_name\" content=\"Phishia\" \/>\n<meta property=\"article:modified_time\" content=\"2025-11-25T15:03:58+00:00\" \/>\n<meta property=\"og:image\" content=\"https:\/\/phishia.fr\/wp-content\/uploads\/2025\/01\/pexels-olly-914931.jpg\" \/>\n\t<meta property=\"og:image:width\" content=\"1280\" \/>\n\t<meta property=\"og:image:height\" content=\"853\" \/>\n\t<meta property=\"og:image:type\" content=\"image\/jpeg\" \/>\n<meta name=\"twitter:card\" content=\"summary_large_image\" \/>\n<meta name=\"twitter:label1\" content=\"Est. reading time\" \/>\n\t<meta name=\"twitter:data1\" content=\"2 minutes\" \/>\n<script type=\"application\/ld+json\" class=\"yoast-schema-graph\">{\"@context\":\"https:\\\/\\\/schema.org\",\"@graph\":[{\"@type\":\"WebPage\",\"@id\":\"https:\\\/\\\/phishia.fr\\\/reponse-incident\\\/assistance-remediation\\\/\",\"url\":\"https:\\\/\\\/phishia.fr\\\/reponse-incident\\\/assistance-remediation\\\/\",\"name\":\"Assistance et rem\u00e9diation apr\u00e8s incident - Phishia\",\"isPartOf\":{\"@id\":\"https:\\\/\\\/phishia.fr\\\/#website\"},\"primaryImageOfPage\":{\"@id\":\"https:\\\/\\\/phishia.fr\\\/reponse-incident\\\/assistance-remediation\\\/#primaryimage\"},\"image\":{\"@id\":\"https:\\\/\\\/phishia.fr\\\/reponse-incident\\\/assistance-remediation\\\/#primaryimage\"},\"thumbnailUrl\":\"https:\\\/\\\/phishia.fr\\\/wp-content\\\/uploads\\\/2025\\\/01\\\/pexels-olly-914931.jpg\",\"datePublished\":\"2025-02-05T09:33:37+00:00\",\"dateModified\":\"2025-11-25T15:03:58+00:00\",\"description\":\"En cas de cyberattaque ou de panne majeure, notre \u00e9quipe intervient rapidement pour limiter les d\u00e9g\u00e2ts et r\u00e9tablir vos syst\u00e8mes. Nous vous aidons \u00e0 identifier les causes, r\u00e9parer les dommages et renforcer votre s\u00e9curit\u00e9 pour pr\u00e9venir de futurs incidents.\",\"breadcrumb\":{\"@id\":\"https:\\\/\\\/phishia.fr\\\/reponse-incident\\\/assistance-remediation\\\/#breadcrumb\"},\"inLanguage\":\"en-US\",\"potentialAction\":[{\"@type\":\"ReadAction\",\"target\":[\"https:\\\/\\\/phishia.fr\\\/reponse-incident\\\/assistance-remediation\\\/\"]}]},{\"@type\":\"ImageObject\",\"inLanguage\":\"en-US\",\"@id\":\"https:\\\/\\\/phishia.fr\\\/reponse-incident\\\/assistance-remediation\\\/#primaryimage\",\"url\":\"https:\\\/\\\/phishia.fr\\\/wp-content\\\/uploads\\\/2025\\\/01\\\/pexels-olly-914931.jpg\",\"contentUrl\":\"https:\\\/\\\/phishia.fr\\\/wp-content\\\/uploads\\\/2025\\\/01\\\/pexels-olly-914931.jpg\",\"width\":1280,\"height\":853},{\"@type\":\"BreadcrumbList\",\"@id\":\"https:\\\/\\\/phishia.fr\\\/reponse-incident\\\/assistance-remediation\\\/#breadcrumb\",\"itemListElement\":[{\"@type\":\"ListItem\",\"position\":1,\"name\":\"Accueil\",\"item\":\"https:\\\/\\\/phishia.fr\\\/\"},{\"@type\":\"ListItem\",\"position\":2,\"name\":\"R\u00e9ponse \u00e0 incident\",\"item\":\"https:\\\/\\\/phishia.fr\\\/reponse-incident\\\/\"},{\"@type\":\"ListItem\",\"position\":3,\"name\":\"Assistance et rem\u00e9diation apr\u00e8s incident\"}]},{\"@type\":\"WebSite\",\"@id\":\"https:\\\/\\\/phishia.fr\\\/#website\",\"url\":\"https:\\\/\\\/phishia.fr\\\/\",\"name\":\"Phishia\",\"description\":\"Cabinet de Conseil IT, Cybers\u00e9curit\u00e9, Durabilit\u00e9\",\"publisher\":{\"@id\":\"https:\\\/\\\/phishia.fr\\\/#organization\"},\"potentialAction\":[{\"@type\":\"SearchAction\",\"target\":{\"@type\":\"EntryPoint\",\"urlTemplate\":\"https:\\\/\\\/phishia.fr\\\/?s={search_term_string}\"},\"query-input\":{\"@type\":\"PropertyValueSpecification\",\"valueRequired\":true,\"valueName\":\"search_term_string\"}}],\"inLanguage\":\"en-US\"},{\"@type\":\"Organization\",\"@id\":\"https:\\\/\\\/phishia.fr\\\/#organization\",\"name\":\"Phishia\",\"url\":\"https:\\\/\\\/phishia.fr\\\/\",\"logo\":{\"@type\":\"ImageObject\",\"inLanguage\":\"en-US\",\"@id\":\"https:\\\/\\\/phishia.fr\\\/#\\\/schema\\\/logo\\\/image\\\/\",\"url\":\"https:\\\/\\\/phishia.fr\\\/wp-content\\\/uploads\\\/2025\\\/01\\\/Logotype.png\",\"contentUrl\":\"https:\\\/\\\/phishia.fr\\\/wp-content\\\/uploads\\\/2025\\\/01\\\/Logotype.png\",\"width\":512,\"height\":128,\"caption\":\"Phishia\"},\"image\":{\"@id\":\"https:\\\/\\\/phishia.fr\\\/#\\\/schema\\\/logo\\\/image\\\/\"},\"sameAs\":[\"https:\\\/\\\/www.linkedin.com\\\/company\\\/phishia\\\/\"]}]}<\/script>\n<!-- \/ Yoast SEO plugin. -->","yoast_head_json":{"title":"Post-incident support and remediation - Phishia","description":"In the event of a cyber-attack or major breakdown, our team intervenes quickly to limit the damage and restore your systems. We help you identify the causes, repair the damage and strengthen your security to prevent future incidents.","robots":{"index":"index","follow":"follow","max-snippet":"max-snippet:-1","max-image-preview":"max-image-preview:large","max-video-preview":"max-video-preview:-1"},"canonical":"https:\/\/phishia.fr\/en\/incident-response-2\/assistance-remediation\/","og_locale":"en_US","og_type":"article","og_title":"Assistance et rem\u00e9diation apr\u00e8s incident - Phishia","og_description":"En cas de cyberattaque ou de panne majeure, notre \u00e9quipe intervient rapidement pour limiter les d\u00e9g\u00e2ts et r\u00e9tablir vos syst\u00e8mes. Nous vous aidons \u00e0 identifier les causes, r\u00e9parer les dommages et renforcer votre s\u00e9curit\u00e9 pour pr\u00e9venir de futurs incidents.","og_url":"https:\/\/phishia.fr\/en\/incident-response-2\/assistance-remediation\/","og_site_name":"Phishia","article_modified_time":"2025-11-25T15:03:58+00:00","og_image":[{"width":1280,"height":853,"url":"https:\/\/phishia.fr\/wp-content\/uploads\/2025\/01\/pexels-olly-914931.jpg","type":"image\/jpeg"}],"twitter_card":"summary_large_image","twitter_misc":{"Est. reading time":"2 minutes"},"schema":{"@context":"https:\/\/schema.org","@graph":[{"@type":"WebPage","@id":"https:\/\/phishia.fr\/reponse-incident\/assistance-remediation\/","url":"https:\/\/phishia.fr\/reponse-incident\/assistance-remediation\/","name":"Post-incident support and remediation - Phishia","isPartOf":{"@id":"https:\/\/phishia.fr\/#website"},"primaryImageOfPage":{"@id":"https:\/\/phishia.fr\/reponse-incident\/assistance-remediation\/#primaryimage"},"image":{"@id":"https:\/\/phishia.fr\/reponse-incident\/assistance-remediation\/#primaryimage"},"thumbnailUrl":"https:\/\/phishia.fr\/wp-content\/uploads\/2025\/01\/pexels-olly-914931.jpg","datePublished":"2025-02-05T09:33:37+00:00","dateModified":"2025-11-25T15:03:58+00:00","description":"In the event of a cyber-attack or major breakdown, our team intervenes quickly to limit the damage and restore your systems. We help you identify the causes, repair the damage and strengthen your security to prevent future incidents.","breadcrumb":{"@id":"https:\/\/phishia.fr\/reponse-incident\/assistance-remediation\/#breadcrumb"},"inLanguage":"en-US","potentialAction":[{"@type":"ReadAction","target":["https:\/\/phishia.fr\/reponse-incident\/assistance-remediation\/"]}]},{"@type":"ImageObject","inLanguage":"en-US","@id":"https:\/\/phishia.fr\/reponse-incident\/assistance-remediation\/#primaryimage","url":"https:\/\/phishia.fr\/wp-content\/uploads\/2025\/01\/pexels-olly-914931.jpg","contentUrl":"https:\/\/phishia.fr\/wp-content\/uploads\/2025\/01\/pexels-olly-914931.jpg","width":1280,"height":853},{"@type":"BreadcrumbList","@id":"https:\/\/phishia.fr\/reponse-incident\/assistance-remediation\/#breadcrumb","itemListElement":[{"@type":"ListItem","position":1,"name":"Accueil","item":"https:\/\/phishia.fr\/"},{"@type":"ListItem","position":2,"name":"R\u00e9ponse \u00e0 incident","item":"https:\/\/phishia.fr\/reponse-incident\/"},{"@type":"ListItem","position":3,"name":"Assistance et rem\u00e9diation apr\u00e8s incident"}]},{"@type":"WebSite","@id":"https:\/\/phishia.fr\/#website","url":"https:\/\/phishia.fr\/","name":"Phishia","description":"IT Consulting, Cybersecurity, Sustainability","publisher":{"@id":"https:\/\/phishia.fr\/#organization"},"potentialAction":[{"@type":"SearchAction","target":{"@type":"EntryPoint","urlTemplate":"https:\/\/phishia.fr\/?s={search_term_string}"},"query-input":{"@type":"PropertyValueSpecification","valueRequired":true,"valueName":"search_term_string"}}],"inLanguage":"en-US"},{"@type":"Organization","@id":"https:\/\/phishia.fr\/#organization","name":"Phishia","url":"https:\/\/phishia.fr\/","logo":{"@type":"ImageObject","inLanguage":"en-US","@id":"https:\/\/phishia.fr\/#\/schema\/logo\/image\/","url":"https:\/\/phishia.fr\/wp-content\/uploads\/2025\/01\/Logotype.png","contentUrl":"https:\/\/phishia.fr\/wp-content\/uploads\/2025\/01\/Logotype.png","width":512,"height":128,"caption":"Phishia"},"image":{"@id":"https:\/\/phishia.fr\/#\/schema\/logo\/image\/"},"sameAs":["https:\/\/www.linkedin.com\/company\/phishia\/"]}]}},"_links":{"self":[{"href":"https:\/\/phishia.fr\/en\/wp-json\/wp\/v2\/pages\/640","targetHints":{"allow":["GET"]}}],"collection":[{"href":"https:\/\/phishia.fr\/en\/wp-json\/wp\/v2\/pages"}],"about":[{"href":"https:\/\/phishia.fr\/en\/wp-json\/wp\/v2\/types\/page"}],"author":[{"embeddable":true,"href":"https:\/\/phishia.fr\/en\/wp-json\/wp\/v2\/users\/2"}],"replies":[{"embeddable":true,"href":"https:\/\/phishia.fr\/en\/wp-json\/wp\/v2\/comments?post=640"}],"version-history":[{"count":29,"href":"https:\/\/phishia.fr\/en\/wp-json\/wp\/v2\/pages\/640\/revisions"}],"predecessor-version":[{"id":2184,"href":"https:\/\/phishia.fr\/en\/wp-json\/wp\/v2\/pages\/640\/revisions\/2184"}],"up":[{"embeddable":true,"href":"https:\/\/phishia.fr\/en\/wp-json\/wp\/v2\/pages\/620"}],"wp:featuredmedia":[{"embeddable":true,"href":"https:\/\/phishia.fr\/en\/wp-json\/wp\/v2\/media\/231"}],"wp:attachment":[{"href":"https:\/\/phishia.fr\/en\/wp-json\/wp\/v2\/media?parent=640"}],"curies":[{"name":"wp","href":"https:\/\/api.w.org\/{rel}","templated":true}]}}