{"id":3094,"date":"2025-07-01T09:23:36","date_gmt":"2025-07-01T09:23:36","guid":{"rendered":"https:\/\/phishia.fr\/?page_id=3094"},"modified":"2025-07-01T10:16:01","modified_gmt":"2025-07-01T10:16:01","slug":"privacy","status":"publish","type":"page","link":"https:\/\/phishia.fr\/en\/privacy\/","title":{"rendered":"Privacy policy"},"content":{"rendered":"<div data-elementor-type=\"wp-page\" data-elementor-id=\"3094\" class=\"elementor elementor-3094\" data-elementor-post-type=\"page\">\n\t\t\t\t<div class=\"elementor-element elementor-element-f9e6b6a e-con-full e-flex e-con e-parent\" data-id=\"f9e6b6a\" data-element_type=\"container\" data-e-type=\"container\" data-settings=\"{&quot;background_background&quot;:&quot;classic&quot;}\">\n\t\t<div class=\"elementor-element elementor-element-b835fb1 e-flex e-con-boxed e-con e-child\" data-id=\"b835fb1\" data-element_type=\"container\" data-e-type=\"container\">\n\t\t\t\t\t<div class=\"e-con-inner\">\n\t\t<div class=\"elementor-element elementor-element-5530a62 e-con-full e-flex elementor-invisible e-con e-child\" data-id=\"5530a62\" data-element_type=\"container\" data-e-type=\"container\" data-settings=\"{&quot;animation&quot;:&quot;fadeInUp&quot;,&quot;animation_delay&quot;:300}\">\n\t\t\t\t<div class=\"elementor-element elementor-element-66771d1 animated-fast elementor-invisible elementor-widget elementor-widget-heading\" data-id=\"66771d1\" data-element_type=\"widget\" data-e-type=\"widget\" data-settings=\"{&quot;_animation&quot;:&quot;fadeInUp&quot;}\" data-widget_type=\"heading.default\">\n\t\t\t\t<div class=\"elementor-widget-container\">\n\t\t\t\t\t<h2 class=\"elementor-heading-title elementor-size-default\">Privacy policy<\/h2>\t\t\t\t<\/div>\n\t\t\t\t<\/div>\n\t\t\t\t<div class=\"elementor-element elementor-element-fdc15d9 elementor-widget-divider--view-line elementor-invisible elementor-widget elementor-widget-divider\" data-id=\"fdc15d9\" data-element_type=\"widget\" data-e-type=\"widget\" data-settings=\"{&quot;_animation&quot;:&quot;fadeIn&quot;}\" data-widget_type=\"divider.default\">\n\t\t\t\t<div class=\"elementor-widget-container\">\n\t\t\t\t\t\t\t<div class=\"elementor-divider\">\n\t\t\t<span class=\"elementor-divider-separator\">\n\t\t\t\t\t\t<\/span>\n\t\t<\/div>\n\t\t\t\t\t\t<\/div>\n\t\t\t\t<\/div>\n\t\t\t\t<\/div>\n\t\t\t\t\t<\/div>\n\t\t\t\t<\/div>\n\t\t\t\t<\/div>\n\t\t<div class=\"elementor-element elementor-element-e41e359 e-flex e-con-boxed e-con e-parent\" data-id=\"e41e359\" data-element_type=\"container\" data-e-type=\"container\">\n\t\t\t\t\t<div class=\"e-con-inner\">\n\t\t\t\t<div class=\"elementor-element elementor-element-b997471 elementor-widget elementor-widget-text-editor\" data-id=\"b997471\" data-element_type=\"widget\" data-e-type=\"widget\" data-widget_type=\"text-editor.default\">\n\t\t\t\t<div class=\"elementor-widget-container\">\n\t\t\t\t\t\t\t\t\t<p><strong>HOW AND WHY DO WE COLLECT DATA?<\/strong><\/p><p>PHISHIA produces and distributes a wide range of cybersecurity content (alerts, white papers, webinars),<br \/>newsletters). Your information (surname, first name, job title, company, e-mail address, telephone number) are<br \/>voluntarily provided when: you fill in a form on our site, you register for a newsletter, or you subscribe to a newsletter.<br \/>information campaign or event, you talk to us by phone, e-mail or network.<br \/>social. We keep this data only for the purpose of forwarding the content you have requested.<br \/>customer relations and improve our services.<\/p><p>\u00a0<\/p><p><strong>HOW WILL WE USE THEM?<\/strong><\/p><p>The data collected may be stored: on servers hosted by Squarespace (our<br \/>web platform), our e-mail and registration form providers. These sub<br \/>contractually commit to applying technical and organizational measures to ensure<br \/>to ensure the confidentiality and security of your data. We only use your<br \/>This information is never sold or rented to third parties.<br \/>Your data will be kept for as long as is necessary to provide the service (and for no longer than necessary).<br \/>three years after your last active contact).<\/p><p>\u00a0<\/p><p><strong>HOW TO CONTROL YOUR DATA AND EXERCISE YOUR RIGHTS?<\/strong><\/p><p>You have the following rights at all times: access, rectification, deletion, limitation, opposition.<br \/>and portability (articles 15 to 20 RGPD). To exercise these rights or obtain further information: click on the link to<br \/>at the bottom of each e-mail, or contact our Data Protection Officer directly.<br \/>Data Protection Officer (DPO): contact@phishia.fr. We will process your request as quickly as possible. If<br \/>you feel that your rights are not being respected, you can lodge a complaint with the<br \/>CNIL.<\/p><p><br \/><em>Last update: June 30, 2025<\/em><\/p>\t\t\t\t\t\t\t\t<\/div>\n\t\t\t\t<\/div>\n\t\t\t\t\t<\/div>\n\t\t\t\t<\/div>\n\t\t\t\t<\/div>","protected":false},"excerpt":{"rendered":"<p>Politique de confidentialit\u00e9 COMMENT ET POURQUOI COLLECTONS-NOUS DES DONN\u00c9ES ? PHISHIA produit et diffuse divers contenus sur la cybers\u00e9curit\u00e9 (alertes, livres blancs, webinaires,newsletters). Vos informations (nom, pr\u00e9nom, fonction, soci\u00e9t\u00e9, e-mail, t\u00e9l\u00e9phone) nous sontvolontairement fournies lorsque : vous remplissez un formulaire sur notre site, vous vous inscrivez \u00e0 unecampagne d\u2019information ou \u00e0 un \u00e9v\u00e9nement, vous \u00e9changez [&hellip;]<\/p>","protected":false},"author":2,"featured_media":0,"parent":0,"menu_order":0,"comment_status":"closed","ping_status":"closed","template":"","meta":{"_acf_changed":false,"footnotes":""},"class_list":["post-3094","page","type-page","status-publish","hentry"],"acf":[],"yoast_head":"<!-- This site is optimized with the Yoast SEO plugin v26.8 - https:\/\/yoast.com\/product\/yoast-seo-wordpress\/ -->\n<title>Politique de confidentialit\u00e9 - Phishia<\/title>\n<meta name=\"robots\" content=\"index, follow, max-snippet:-1, max-image-preview:large, max-video-preview:-1\" \/>\n<link rel=\"canonical\" href=\"https:\/\/phishia.fr\/en\/privacy\/\" \/>\n<meta property=\"og:locale\" content=\"en_US\" \/>\n<meta property=\"og:type\" content=\"article\" \/>\n<meta property=\"og:title\" content=\"Politique de confidentialit\u00e9 - Phishia\" \/>\n<meta property=\"og:description\" content=\"Politique de confidentialit\u00e9 COMMENT ET POURQUOI COLLECTONS-NOUS DES DONN\u00c9ES ? PHISHIA produit et diffuse divers contenus sur la cybers\u00e9curit\u00e9 (alertes, livres blancs, webinaires,newsletters). Vos informations (nom, pr\u00e9nom, fonction, soci\u00e9t\u00e9, e-mail, t\u00e9l\u00e9phone) nous sontvolontairement fournies lorsque : vous remplissez un formulaire sur notre site, vous vous inscrivez \u00e0 unecampagne d\u2019information ou \u00e0 un \u00e9v\u00e9nement, vous \u00e9changez [&hellip;]\" \/>\n<meta property=\"og:url\" content=\"https:\/\/phishia.fr\/en\/privacy\/\" \/>\n<meta property=\"og:site_name\" content=\"Phishia\" \/>\n<meta property=\"article:modified_time\" content=\"2025-07-01T10:16:01+00:00\" \/>\n<meta name=\"twitter:card\" content=\"summary_large_image\" \/>\n<meta name=\"twitter:label1\" content=\"Est. reading time\" \/>\n\t<meta name=\"twitter:data1\" content=\"2 minutes\" \/>\n<script type=\"application\/ld+json\" class=\"yoast-schema-graph\">{\"@context\":\"https:\/\/schema.org\",\"@graph\":[{\"@type\":\"WebPage\",\"@id\":\"https:\/\/phishia.fr\/confidentialite\/\",\"url\":\"https:\/\/phishia.fr\/confidentialite\/\",\"name\":\"Politique de confidentialit\u00e9 - Phishia\",\"isPartOf\":{\"@id\":\"https:\/\/phishia.fr\/#website\"},\"datePublished\":\"2025-07-01T09:23:36+00:00\",\"dateModified\":\"2025-07-01T10:16:01+00:00\",\"breadcrumb\":{\"@id\":\"https:\/\/phishia.fr\/confidentialite\/#breadcrumb\"},\"inLanguage\":\"en-US\",\"potentialAction\":[{\"@type\":\"ReadAction\",\"target\":[\"https:\/\/phishia.fr\/confidentialite\/\"]}]},{\"@type\":\"BreadcrumbList\",\"@id\":\"https:\/\/phishia.fr\/confidentialite\/#breadcrumb\",\"itemListElement\":[{\"@type\":\"ListItem\",\"position\":1,\"name\":\"Accueil\",\"item\":\"https:\/\/phishia.fr\/\"},{\"@type\":\"ListItem\",\"position\":2,\"name\":\"Politique de confidentialit\u00e9\"}]},{\"@type\":\"WebSite\",\"@id\":\"https:\/\/phishia.fr\/#website\",\"url\":\"https:\/\/phishia.fr\/\",\"name\":\"Phishia\",\"description\":\"Cabinet de Conseil IT, Cybers\u00e9curit\u00e9, Durabilit\u00e9\",\"publisher\":{\"@id\":\"https:\/\/phishia.fr\/#organization\"},\"potentialAction\":[{\"@type\":\"SearchAction\",\"target\":{\"@type\":\"EntryPoint\",\"urlTemplate\":\"https:\/\/phishia.fr\/?s={search_term_string}\"},\"query-input\":{\"@type\":\"PropertyValueSpecification\",\"valueRequired\":true,\"valueName\":\"search_term_string\"}}],\"inLanguage\":\"en-US\"},{\"@type\":\"Organization\",\"@id\":\"https:\/\/phishia.fr\/#organization\",\"name\":\"Phishia\",\"url\":\"https:\/\/phishia.fr\/\",\"logo\":{\"@type\":\"ImageObject\",\"inLanguage\":\"en-US\",\"@id\":\"https:\/\/phishia.fr\/#\/schema\/logo\/image\/\",\"url\":\"https:\/\/phishia.fr\/wp-content\/uploads\/2025\/01\/Logotype.png\",\"contentUrl\":\"https:\/\/phishia.fr\/wp-content\/uploads\/2025\/01\/Logotype.png\",\"width\":512,\"height\":128,\"caption\":\"Phishia\"},\"image\":{\"@id\":\"https:\/\/phishia.fr\/#\/schema\/logo\/image\/\"},\"sameAs\":[\"https:\/\/www.linkedin.com\/company\/phishia\/\"]}]}<\/script>\n<!-- \/ Yoast SEO plugin. -->","yoast_head_json":{"title":"Privacy policy - Phishia","robots":{"index":"index","follow":"follow","max-snippet":"max-snippet:-1","max-image-preview":"max-image-preview:large","max-video-preview":"max-video-preview:-1"},"canonical":"https:\/\/phishia.fr\/en\/privacy\/","og_locale":"en_US","og_type":"article","og_title":"Politique de confidentialit\u00e9 - Phishia","og_description":"Politique de confidentialit\u00e9 COMMENT ET POURQUOI COLLECTONS-NOUS DES DONN\u00c9ES ? PHISHIA produit et diffuse divers contenus sur la cybers\u00e9curit\u00e9 (alertes, livres blancs, webinaires,newsletters). Vos informations (nom, pr\u00e9nom, fonction, soci\u00e9t\u00e9, e-mail, t\u00e9l\u00e9phone) nous sontvolontairement fournies lorsque : vous remplissez un formulaire sur notre site, vous vous inscrivez \u00e0 unecampagne d\u2019information ou \u00e0 un \u00e9v\u00e9nement, vous \u00e9changez [&hellip;]","og_url":"https:\/\/phishia.fr\/en\/privacy\/","og_site_name":"Phishia","article_modified_time":"2025-07-01T10:16:01+00:00","twitter_card":"summary_large_image","twitter_misc":{"Est. reading time":"2 minutes"},"schema":{"@context":"https:\/\/schema.org","@graph":[{"@type":"WebPage","@id":"https:\/\/phishia.fr\/confidentialite\/","url":"https:\/\/phishia.fr\/confidentialite\/","name":"Privacy policy - Phishia","isPartOf":{"@id":"https:\/\/phishia.fr\/#website"},"datePublished":"2025-07-01T09:23:36+00:00","dateModified":"2025-07-01T10:16:01+00:00","breadcrumb":{"@id":"https:\/\/phishia.fr\/confidentialite\/#breadcrumb"},"inLanguage":"en-US","potentialAction":[{"@type":"ReadAction","target":["https:\/\/phishia.fr\/confidentialite\/"]}]},{"@type":"BreadcrumbList","@id":"https:\/\/phishia.fr\/confidentialite\/#breadcrumb","itemListElement":[{"@type":"ListItem","position":1,"name":"Accueil","item":"https:\/\/phishia.fr\/"},{"@type":"ListItem","position":2,"name":"Politique de confidentialit\u00e9"}]},{"@type":"WebSite","@id":"https:\/\/phishia.fr\/#website","url":"https:\/\/phishia.fr\/","name":"Phishia","description":"IT Consulting, Cybersecurity, Sustainability","publisher":{"@id":"https:\/\/phishia.fr\/#organization"},"potentialAction":[{"@type":"SearchAction","target":{"@type":"EntryPoint","urlTemplate":"https:\/\/phishia.fr\/?s={search_term_string}"},"query-input":{"@type":"PropertyValueSpecification","valueRequired":true,"valueName":"search_term_string"}}],"inLanguage":"en-US"},{"@type":"Organization","@id":"https:\/\/phishia.fr\/#organization","name":"Phishia","url":"https:\/\/phishia.fr\/","logo":{"@type":"ImageObject","inLanguage":"en-US","@id":"https:\/\/phishia.fr\/#\/schema\/logo\/image\/","url":"https:\/\/phishia.fr\/wp-content\/uploads\/2025\/01\/Logotype.png","contentUrl":"https:\/\/phishia.fr\/wp-content\/uploads\/2025\/01\/Logotype.png","width":512,"height":128,"caption":"Phishia"},"image":{"@id":"https:\/\/phishia.fr\/#\/schema\/logo\/image\/"},"sameAs":["https:\/\/www.linkedin.com\/company\/phishia\/"]}]}},"_links":{"self":[{"href":"https:\/\/phishia.fr\/en\/wp-json\/wp\/v2\/pages\/3094","targetHints":{"allow":["GET"]}}],"collection":[{"href":"https:\/\/phishia.fr\/en\/wp-json\/wp\/v2\/pages"}],"about":[{"href":"https:\/\/phishia.fr\/en\/wp-json\/wp\/v2\/types\/page"}],"author":[{"embeddable":true,"href":"https:\/\/phishia.fr\/en\/wp-json\/wp\/v2\/users\/2"}],"replies":[{"embeddable":true,"href":"https:\/\/phishia.fr\/en\/wp-json\/wp\/v2\/comments?post=3094"}],"version-history":[{"count":7,"href":"https:\/\/phishia.fr\/en\/wp-json\/wp\/v2\/pages\/3094\/revisions"}],"predecessor-version":[{"id":3108,"href":"https:\/\/phishia.fr\/en\/wp-json\/wp\/v2\/pages\/3094\/revisions\/3108"}],"wp:attachment":[{"href":"https:\/\/phishia.fr\/en\/wp-json\/wp\/v2\/media?parent=3094"}],"curies":[{"name":"wp","href":"https:\/\/api.w.org\/{rel}","templated":true}]}}