{"id":3094,"date":"2025-07-01T09:23:36","date_gmt":"2025-07-01T09:23:36","guid":{"rendered":"https:\/\/phishia.fr\/?page_id=3094"},"modified":"2025-07-01T10:16:01","modified_gmt":"2025-07-01T10:16:01","slug":"vertraulichkeit","status":"publish","type":"page","link":"https:\/\/phishia.fr\/de\/vertraulichkeit\/","title":{"rendered":"Datenschutzrichtlinie"},"content":{"rendered":"<div data-elementor-type=\"wp-page\" data-elementor-id=\"3094\" class=\"elementor elementor-3094\" data-elementor-post-type=\"page\">\n\t\t\t\t<div class=\"elementor-element elementor-element-f9e6b6a e-con-full e-flex e-con e-parent\" data-id=\"f9e6b6a\" data-element_type=\"container\" data-e-type=\"container\" data-settings=\"{&quot;background_background&quot;:&quot;classic&quot;}\">\n\t\t<div class=\"elementor-element elementor-element-b835fb1 e-flex e-con-boxed e-con e-child\" data-id=\"b835fb1\" data-element_type=\"container\" data-e-type=\"container\">\n\t\t\t\t\t<div class=\"e-con-inner\">\n\t\t<div class=\"elementor-element elementor-element-5530a62 e-con-full e-flex elementor-invisible e-con e-child\" data-id=\"5530a62\" data-element_type=\"container\" data-e-type=\"container\" data-settings=\"{&quot;animation&quot;:&quot;fadeInUp&quot;,&quot;animation_delay&quot;:300}\">\n\t\t\t\t<div class=\"elementor-element elementor-element-66771d1 animated-fast elementor-invisible elementor-widget elementor-widget-heading\" data-id=\"66771d1\" data-element_type=\"widget\" data-e-type=\"widget\" data-settings=\"{&quot;_animation&quot;:&quot;fadeInUp&quot;}\" data-widget_type=\"heading.default\">\n\t\t\t\t<div class=\"elementor-widget-container\">\n\t\t\t\t\t<h2 class=\"elementor-heading-title elementor-size-default\">Datenschutzrichtlinie<\/h2>\t\t\t\t<\/div>\n\t\t\t\t<\/div>\n\t\t\t\t<div class=\"elementor-element elementor-element-fdc15d9 elementor-widget-divider--view-line elementor-invisible elementor-widget elementor-widget-divider\" data-id=\"fdc15d9\" data-element_type=\"widget\" data-e-type=\"widget\" data-settings=\"{&quot;_animation&quot;:&quot;fadeIn&quot;}\" data-widget_type=\"divider.default\">\n\t\t\t\t<div class=\"elementor-widget-container\">\n\t\t\t\t\t\t\t<div class=\"elementor-divider\">\n\t\t\t<span class=\"elementor-divider-separator\">\n\t\t\t\t\t\t<\/span>\n\t\t<\/div>\n\t\t\t\t\t\t<\/div>\n\t\t\t\t<\/div>\n\t\t\t\t<\/div>\n\t\t\t\t\t<\/div>\n\t\t\t\t<\/div>\n\t\t\t\t<\/div>\n\t\t<div class=\"elementor-element elementor-element-e41e359 e-flex e-con-boxed e-con e-parent\" data-id=\"e41e359\" data-element_type=\"container\" data-e-type=\"container\">\n\t\t\t\t\t<div class=\"e-con-inner\">\n\t\t\t\t<div class=\"elementor-element elementor-element-b997471 elementor-widget elementor-widget-text-editor\" data-id=\"b997471\" data-element_type=\"widget\" data-e-type=\"widget\" data-widget_type=\"text-editor.default\">\n\t\t\t\t<div class=\"elementor-widget-container\">\n\t\t\t\t\t\t\t\t\t<p><strong>WIE UND WARUM SAMMELN WIR DATEN?<\/strong><\/p><p>PHISHIA produziert und verbreitet verschiedene Inhalte zum Thema Cybersicherheit (Warnungen, Wei\u00dfb\u00fccher, Webinare,<br \/>newsletters). Ihre Informationen (Name, Vorname, Funktion, Firma, E-Mail, Telefon) werden von uns<br \/>freiwillig zur Verf\u00fcgung gestellt, wenn: Sie ein Formular auf unserer Website ausf\u00fcllen, sich f\u00fcr eine<br \/>Informationskampagne oder einer Veranstaltung tauschen Sie sich mit uns per Telefon, E-Mail oder Netzwerk aus.<br \/>sozialen Bereich. Wir speichern diese Daten nur, um die Inhalte weiterzuleiten, die Sie<br \/>beantragt, die Kundenbeziehung zu verfolgen und unsere Dienstleistungen zu verbessern.<\/p><p>\u00a0<\/p><p><strong>WIE WERDEN WIR SIE VERWENDEN?<\/strong><\/p><p>Die gesammelten Daten k\u00f6nnen gespeichert werden: auf den von Squarespace gehosteten Servern (unsere<br \/>Webplattform), bei unseren Dienstleistern f\u00fcr den Versand von E-Mails und Anmeldeformularen. Diese Unter<br \/>Die Auftragnehmer verpflichten sich vertraglich zur Anwendung technischer und organisatorischer Ma\u00dfnahmen.<br \/>angemessen, um die Vertraulichkeit und Sicherheit Ihrer Daten zu gew\u00e4hrleisten. Wir verwenden Ihre<br \/>Sie werden niemals an Dritte verkauft oder vermietet.<br \/>Ihre Daten werden so lange gespeichert, wie es f\u00fcr die Erbringung des Dienstes erforderlich ist (und h\u00f6chstens<br \/>drei Jahre nach Ihrem letzten aktiven Kontakt).<\/p><p>\u00a0<\/p><p><strong>WIE K\u00d6NNEN SIE IHRE DATEN KONTROLLIEREN UND IHRE RECHTE AUS\u00dcBEN?<\/strong><\/p><p>Sie haben jederzeit die folgenden Rechte: Zugang, Berichtigung, L\u00f6schung, Einschr\u00e4nkung, Widerspruch<br \/>und \u00dcbertragbarkeit (Artikel 15 bis 20 DSGVO). Um diese auszu\u00fcben oder n\u00e4here Informationen zu erhalten: Klicken Sie auf den Link von<br \/>Sie k\u00f6nnen sich auch direkt an unseren Datenschutzbeauftragten wenden.<br \/>der Daten (DPO): contact@phishia.fr. Wir werden Ihre Anfrage so schnell wie m\u00f6glich bearbeiten. Wenn<br \/>Sie der Meinung sind, dass Ihre Rechte nicht geachtet werden, k\u00f6nnen Sie eine Beschwerde bei der<br \/>CNIL.<\/p><p><br \/><em>Letzte Aktualisierung: 30. Juni 2025<\/em><\/p>\t\t\t\t\t\t\t\t<\/div>\n\t\t\t\t<\/div>\n\t\t\t\t\t<\/div>\n\t\t\t\t<\/div>\n\t\t\t\t<\/div>","protected":false},"excerpt":{"rendered":"<p>Politique de confidentialit\u00e9 COMMENT ET POURQUOI COLLECTONS-NOUS DES DONN\u00c9ES ? PHISHIA produit et diffuse divers contenus sur la cybers\u00e9curit\u00e9 (alertes, livres blancs, webinaires,newsletters). Vos informations (nom, pr\u00e9nom, fonction, soci\u00e9t\u00e9, e-mail, t\u00e9l\u00e9phone) nous sontvolontairement fournies lorsque : vous remplissez un formulaire sur notre site, vous vous inscrivez \u00e0 unecampagne d\u2019information ou \u00e0 un \u00e9v\u00e9nement, vous \u00e9changez [&hellip;]<\/p>","protected":false},"author":2,"featured_media":0,"parent":0,"menu_order":0,"comment_status":"closed","ping_status":"closed","template":"","meta":{"_acf_changed":false,"footnotes":""},"class_list":["post-3094","page","type-page","status-publish","hentry"],"acf":[],"yoast_head":"<!-- This site is optimized with the Yoast SEO plugin v27.5 - https:\/\/yoast.com\/product\/yoast-seo-wordpress\/ -->\n<title>Politique de confidentialit\u00e9 - Phishia<\/title>\n<meta name=\"robots\" content=\"index, follow, max-snippet:-1, max-image-preview:large, max-video-preview:-1\" \/>\n<link rel=\"canonical\" href=\"https:\/\/phishia.fr\/de\/vertraulichkeit\/\" \/>\n<meta property=\"og:locale\" content=\"de_DE\" \/>\n<meta property=\"og:type\" content=\"article\" \/>\n<meta property=\"og:title\" content=\"Politique de confidentialit\u00e9 - Phishia\" \/>\n<meta property=\"og:description\" content=\"Politique de confidentialit\u00e9 COMMENT ET POURQUOI COLLECTONS-NOUS DES DONN\u00c9ES ? PHISHIA produit et diffuse divers contenus sur la cybers\u00e9curit\u00e9 (alertes, livres blancs, webinaires,newsletters). Vos informations (nom, pr\u00e9nom, fonction, soci\u00e9t\u00e9, e-mail, t\u00e9l\u00e9phone) nous sontvolontairement fournies lorsque : vous remplissez un formulaire sur notre site, vous vous inscrivez \u00e0 unecampagne d\u2019information ou \u00e0 un \u00e9v\u00e9nement, vous \u00e9changez [&hellip;]\" \/>\n<meta property=\"og:url\" content=\"https:\/\/phishia.fr\/de\/vertraulichkeit\/\" \/>\n<meta property=\"og:site_name\" content=\"Phishia\" \/>\n<meta property=\"article:modified_time\" content=\"2025-07-01T10:16:01+00:00\" \/>\n<meta name=\"twitter:card\" content=\"summary_large_image\" \/>\n<meta name=\"twitter:label1\" content=\"Gesch\u00e4tzte Lesezeit\" \/>\n\t<meta name=\"twitter:data1\" content=\"2\u00a0Minuten\" \/>\n<script type=\"application\/ld+json\" class=\"yoast-schema-graph\">{\"@context\":\"https:\\\/\\\/schema.org\",\"@graph\":[{\"@type\":\"WebPage\",\"@id\":\"https:\\\/\\\/phishia.fr\\\/confidentialite\\\/\",\"url\":\"https:\\\/\\\/phishia.fr\\\/confidentialite\\\/\",\"name\":\"Politique de confidentialit\u00e9 - Phishia\",\"isPartOf\":{\"@id\":\"https:\\\/\\\/phishia.fr\\\/#website\"},\"datePublished\":\"2025-07-01T09:23:36+00:00\",\"dateModified\":\"2025-07-01T10:16:01+00:00\",\"breadcrumb\":{\"@id\":\"https:\\\/\\\/phishia.fr\\\/confidentialite\\\/#breadcrumb\"},\"inLanguage\":\"de\",\"potentialAction\":[{\"@type\":\"ReadAction\",\"target\":[\"https:\\\/\\\/phishia.fr\\\/confidentialite\\\/\"]}]},{\"@type\":\"BreadcrumbList\",\"@id\":\"https:\\\/\\\/phishia.fr\\\/confidentialite\\\/#breadcrumb\",\"itemListElement\":[{\"@type\":\"ListItem\",\"position\":1,\"name\":\"Accueil\",\"item\":\"https:\\\/\\\/phishia.fr\\\/\"},{\"@type\":\"ListItem\",\"position\":2,\"name\":\"Politique de confidentialit\u00e9\"}]},{\"@type\":\"WebSite\",\"@id\":\"https:\\\/\\\/phishia.fr\\\/#website\",\"url\":\"https:\\\/\\\/phishia.fr\\\/\",\"name\":\"Phishia\",\"description\":\"Cabinet de Conseil IT, Cybers\u00e9curit\u00e9, Durabilit\u00e9\",\"publisher\":{\"@id\":\"https:\\\/\\\/phishia.fr\\\/#organization\"},\"potentialAction\":[{\"@type\":\"SearchAction\",\"target\":{\"@type\":\"EntryPoint\",\"urlTemplate\":\"https:\\\/\\\/phishia.fr\\\/?s={search_term_string}\"},\"query-input\":{\"@type\":\"PropertyValueSpecification\",\"valueRequired\":true,\"valueName\":\"search_term_string\"}}],\"inLanguage\":\"de\"},{\"@type\":\"Organization\",\"@id\":\"https:\\\/\\\/phishia.fr\\\/#organization\",\"name\":\"Phishia\",\"url\":\"https:\\\/\\\/phishia.fr\\\/\",\"logo\":{\"@type\":\"ImageObject\",\"inLanguage\":\"de\",\"@id\":\"https:\\\/\\\/phishia.fr\\\/#\\\/schema\\\/logo\\\/image\\\/\",\"url\":\"https:\\\/\\\/phishia.fr\\\/wp-content\\\/uploads\\\/2025\\\/01\\\/Logotype.png\",\"contentUrl\":\"https:\\\/\\\/phishia.fr\\\/wp-content\\\/uploads\\\/2025\\\/01\\\/Logotype.png\",\"width\":512,\"height\":128,\"caption\":\"Phishia\"},\"image\":{\"@id\":\"https:\\\/\\\/phishia.fr\\\/#\\\/schema\\\/logo\\\/image\\\/\"},\"sameAs\":[\"https:\\\/\\\/www.linkedin.com\\\/company\\\/phishia\\\/\"]}]}<\/script>\n<!-- \/ Yoast SEO plugin. -->","yoast_head_json":{"title":"Datenschutzrichtlinie - Phishia","robots":{"index":"index","follow":"follow","max-snippet":"max-snippet:-1","max-image-preview":"max-image-preview:large","max-video-preview":"max-video-preview:-1"},"canonical":"https:\/\/phishia.fr\/de\/vertraulichkeit\/","og_locale":"de_DE","og_type":"article","og_title":"Politique de confidentialit\u00e9 - Phishia","og_description":"Politique de confidentialit\u00e9 COMMENT ET POURQUOI COLLECTONS-NOUS DES DONN\u00c9ES ? PHISHIA produit et diffuse divers contenus sur la cybers\u00e9curit\u00e9 (alertes, livres blancs, webinaires,newsletters). Vos informations (nom, pr\u00e9nom, fonction, soci\u00e9t\u00e9, e-mail, t\u00e9l\u00e9phone) nous sontvolontairement fournies lorsque : vous remplissez un formulaire sur notre site, vous vous inscrivez \u00e0 unecampagne d\u2019information ou \u00e0 un \u00e9v\u00e9nement, vous \u00e9changez [&hellip;]","og_url":"https:\/\/phishia.fr\/de\/vertraulichkeit\/","og_site_name":"Phishia","article_modified_time":"2025-07-01T10:16:01+00:00","twitter_card":"summary_large_image","twitter_misc":{"Gesch\u00e4tzte Lesezeit":"2\u00a0Minuten"},"schema":{"@context":"https:\/\/schema.org","@graph":[{"@type":"WebPage","@id":"https:\/\/phishia.fr\/confidentialite\/","url":"https:\/\/phishia.fr\/confidentialite\/","name":"Datenschutzrichtlinie - Phishia","isPartOf":{"@id":"https:\/\/phishia.fr\/#website"},"datePublished":"2025-07-01T09:23:36+00:00","dateModified":"2025-07-01T10:16:01+00:00","breadcrumb":{"@id":"https:\/\/phishia.fr\/confidentialite\/#breadcrumb"},"inLanguage":"de","potentialAction":[{"@type":"ReadAction","target":["https:\/\/phishia.fr\/confidentialite\/"]}]},{"@type":"BreadcrumbList","@id":"https:\/\/phishia.fr\/confidentialite\/#breadcrumb","itemListElement":[{"@type":"ListItem","position":1,"name":"Accueil","item":"https:\/\/phishia.fr\/"},{"@type":"ListItem","position":2,"name":"Politique de confidentialit\u00e9"}]},{"@type":"WebSite","@id":"https:\/\/phishia.fr\/#website","url":"https:\/\/phishia.fr\/","name":"Phishia","description":"IT-Beratung, Cybersicherheit, Nachhaltigkeit","publisher":{"@id":"https:\/\/phishia.fr\/#organization"},"potentialAction":[{"@type":"SearchAction","target":{"@type":"EntryPoint","urlTemplate":"https:\/\/phishia.fr\/?s={search_term_string}"},"query-input":{"@type":"PropertyValueSpecification","valueRequired":true,"valueName":"search_term_string"}}],"inLanguage":"de"},{"@type":"Organization","@id":"https:\/\/phishia.fr\/#organization","name":"Phishia","url":"https:\/\/phishia.fr\/","logo":{"@type":"ImageObject","inLanguage":"de","@id":"https:\/\/phishia.fr\/#\/schema\/logo\/image\/","url":"https:\/\/phishia.fr\/wp-content\/uploads\/2025\/01\/Logotype.png","contentUrl":"https:\/\/phishia.fr\/wp-content\/uploads\/2025\/01\/Logotype.png","width":512,"height":128,"caption":"Phishia"},"image":{"@id":"https:\/\/phishia.fr\/#\/schema\/logo\/image\/"},"sameAs":["https:\/\/www.linkedin.com\/company\/phishia\/"]}]}},"_links":{"self":[{"href":"https:\/\/phishia.fr\/de\/wp-json\/wp\/v2\/pages\/3094","targetHints":{"allow":["GET"]}}],"collection":[{"href":"https:\/\/phishia.fr\/de\/wp-json\/wp\/v2\/pages"}],"about":[{"href":"https:\/\/phishia.fr\/de\/wp-json\/wp\/v2\/types\/page"}],"author":[{"embeddable":true,"href":"https:\/\/phishia.fr\/de\/wp-json\/wp\/v2\/users\/2"}],"replies":[{"embeddable":true,"href":"https:\/\/phishia.fr\/de\/wp-json\/wp\/v2\/comments?post=3094"}],"version-history":[{"count":7,"href":"https:\/\/phishia.fr\/de\/wp-json\/wp\/v2\/pages\/3094\/revisions"}],"predecessor-version":[{"id":3108,"href":"https:\/\/phishia.fr\/de\/wp-json\/wp\/v2\/pages\/3094\/revisions\/3108"}],"wp:attachment":[{"href":"https:\/\/phishia.fr\/de\/wp-json\/wp\/v2\/media?parent=3094"}],"curies":[{"name":"wp","href":"https:\/\/api.w.org\/{rel}","templated":true}]}}